{"id":634,"date":"2016-10-09T16:21:29","date_gmt":"2016-10-09T16:21:29","guid":{"rendered":"http:\/\/tojo.vladimirvukajlovic.com\/sl\/?page_id=634"},"modified":"2016-10-09T16:21:29","modified_gmt":"2016-10-09T16:21:29","slug":"domaca-stran","status":"publish","type":"page","link":"https:\/\/www.tojo.rs\/sl\/","title":{"rendered":"Doma\u010da stran"},"content":{"rendered":"<p>[vc_row][vc_column][layerslider_vc id=&#8221;1&#8243;][\/vc_column][\/vc_row][vc_row][vc_column][vc_text_separator title=&#8221; Novi izdelki&#8221;][\/vc_column][\/vc_row][vc_row][vc_column]<div class=\"woocommerce columns-8\">\n\t\t\t\n\t\t\t<ul class=\"lpd-products\">\n\t\t\t\t\n\t\t\t\t\t<li class=\"col-md-3 first post-6004 product type-product status-publish has-post-thumbnail product_cat-noge  instock shipping-taxable product-type-simple\">\n\n\t<div class=\"product-item-wrap\">\n\n\t<a href=\"https:\/\/www.tojo.rs\/sl\/product\/nogica-nera\/\" class=\"woocommerce-LoopProduct-link\">\n\t\t<div class=\"product-item-thumb-wrap\"><a class=\"product-item-thumb\" href=\"https:\/\/www.tojo.rs\/sl\/product\/nogica-nera\/\" title=\"Read More\"><img width=\"580\" height=\"580\" src=\"https:\/\/tojo.rs\/wp-content\/uploads\/2023\/08\/leg_nera_white_100-580x580.png\" class=\"attachment-front-shop-thumb2 size-front-shop-thumb2 wp-post-image\" alt=\"\" decoding=\"async\" loading=\"lazy\" srcset=\"http:\/\/tojo.rs\/wp-content\/uploads\/2023\/08\/leg_nera_white_100-580x580.png 580w, http:\/\/tojo.rs\/wp-content\/uploads\/2023\/08\/leg_nera_white_100-300x300.png 300w, http:\/\/tojo.rs\/wp-content\/uploads\/2023\/08\/leg_nera_white_100-150x150.png 150w, http:\/\/tojo.rs\/wp-content\/uploads\/2023\/08\/leg_nera_white_100-250x250.png 250w, http:\/\/tojo.rs\/wp-content\/uploads\/2023\/08\/leg_nera_white_100-90x90.png 90w, http:\/\/tojo.rs\/wp-content\/uploads\/2023\/08\/leg_nera_white_100-100x100.png 100w, http:\/\/tojo.rs\/wp-content\/uploads\/2023\/08\/leg_nera_white_100-158x158.png 158w, http:\/\/tojo.rs\/wp-content\/uploads\/2023\/08\/leg_nera_white_100-180x180.png 180w, http:\/\/tojo.rs\/wp-content\/uploads\/2023\/08\/leg_nera_white_100-400x400.png 400w\" sizes=\"(max-width: 580px) 100vw, 580px\" \/><\/a><a href=\"https:\/\/www.tojo.rs\/sl\/product\/nogica-nera\/\" rel=\"nofollow\" data-product_id=\"6004\" data-product_sku=\"\" class=\" product-item_btn  product_type_simple\" title=\"Read More\"><span class=\"glyphicons shopping_cart glyphicons-icon\"><\/span><\/a><\/div>\t\t\n\t\t\n\t\t\n\t\t<div class=\"item-details\">\n\t\t\t<h3>Nogica Nera<\/h3>\n\t\t\t<div class=\"product-item-cat\"><a href=\"https:\/\/www.tojo.rs\/sl\/product-category\/noge\/\" rel=\"tag\">Noge<\/a><\/div>\n\t\t<\/div>\n\t\t\n\t\t\n\t\t\n\t<\/a>\t\n\t<\/div>\n\n<\/li>\n\n\t\t\t\t\n\t\t\t\t\t<li class=\"col-md-3 post-5993 product type-product status-publish has-post-thumbnail product_cat-noge  instock shipping-taxable product-type-simple\">\n\n\t<div class=\"product-item-wrap\">\n\n\t<a href=\"https:\/\/www.tojo.rs\/sl\/product\/nogica-tara\/\" class=\"woocommerce-LoopProduct-link\">\n\t\t<div class=\"product-item-thumb-wrap\"><a class=\"product-item-thumb\" href=\"https:\/\/www.tojo.rs\/sl\/product\/nogica-tara\/\" title=\"Read More\"><img width=\"580\" height=\"580\" src=\"https:\/\/tojo.rs\/wp-content\/uploads\/2023\/08\/leg_tara_white_100-580x580.png\" class=\"attachment-front-shop-thumb2 size-front-shop-thumb2 wp-post-image\" alt=\"\" decoding=\"async\" loading=\"lazy\" srcset=\"http:\/\/tojo.rs\/wp-content\/uploads\/2023\/08\/leg_tara_white_100-580x580.png 580w, http:\/\/tojo.rs\/wp-content\/uploads\/2023\/08\/leg_tara_white_100-150x150.png 150w, http:\/\/tojo.rs\/wp-content\/uploads\/2023\/08\/leg_tara_white_100-250x250.png 250w, http:\/\/tojo.rs\/wp-content\/uploads\/2023\/08\/leg_tara_white_100-90x90.png 90w, http:\/\/tojo.rs\/wp-content\/uploads\/2023\/08\/leg_tara_white_100-100x100.png 100w, http:\/\/tojo.rs\/wp-content\/uploads\/2023\/08\/leg_tara_white_100-158x158.png 158w, http:\/\/tojo.rs\/wp-content\/uploads\/2023\/08\/leg_tara_white_100-180x180.png 180w, http:\/\/tojo.rs\/wp-content\/uploads\/2023\/08\/leg_tara_white_100-300x300.png 300w, http:\/\/tojo.rs\/wp-content\/uploads\/2023\/08\/leg_tara_white_100-400x400.png 400w\" sizes=\"(max-width: 580px) 100vw, 580px\" \/><\/a><a href=\"https:\/\/www.tojo.rs\/sl\/product\/nogica-tara\/\" rel=\"nofollow\" data-product_id=\"5993\" data-product_sku=\"\" class=\" product-item_btn  product_type_simple\" title=\"Read More\"><span class=\"glyphicons shopping_cart glyphicons-icon\"><\/span><\/a><\/div>\t\t\n\t\t\n\t\t\n\t\t<div class=\"item-details\">\n\t\t\t<h3>Nogica Tara<\/h3>\n\t\t\t<div class=\"product-item-cat\"><a href=\"https:\/\/www.tojo.rs\/sl\/product-category\/noge\/\" rel=\"tag\">Noge<\/a><\/div>\n\t\t<\/div>\n\t\t\n\t\t\n\t\t\n\t<\/a>\t\n\t<\/div>\n\n<\/li>\n\n\t\t\t\t\n\t\t\t\t\t<li class=\"col-md-3 post-5946 product type-product status-publish has-post-thumbnail product_cat-rocaji  instock shipping-taxable product-type-simple\">\n\n\t<div class=\"product-item-wrap\">\n\n\t<a href=\"https:\/\/www.tojo.rs\/sl\/product\/rocaj-78\/\" class=\"woocommerce-LoopProduct-link\">\n\t\t<div class=\"product-item-thumb-wrap\"><a class=\"product-item-thumb\" href=\"https:\/\/www.tojo.rs\/sl\/product\/rocaj-78\/\" title=\"Read More\"><img width=\"580\" height=\"580\" src=\"https:\/\/tojo.rs\/wp-content\/uploads\/2021\/09\/r79apl-580x580.png\" class=\"attachment-front-shop-thumb2 size-front-shop-thumb2 wp-post-image\" alt=\"\" decoding=\"async\" loading=\"lazy\" srcset=\"http:\/\/tojo.rs\/wp-content\/uploads\/2021\/09\/r79apl-580x580.png 580w, http:\/\/tojo.rs\/wp-content\/uploads\/2021\/09\/r79apl-300x300.png 300w, http:\/\/tojo.rs\/wp-content\/uploads\/2021\/09\/r79apl-150x150.png 150w, http:\/\/tojo.rs\/wp-content\/uploads\/2021\/09\/r79apl-250x250.png 250w, http:\/\/tojo.rs\/wp-content\/uploads\/2021\/09\/r79apl-90x90.png 90w, http:\/\/tojo.rs\/wp-content\/uploads\/2021\/09\/r79apl-100x100.png 100w, http:\/\/tojo.rs\/wp-content\/uploads\/2021\/09\/r79apl-158x158.png 158w, http:\/\/tojo.rs\/wp-content\/uploads\/2021\/09\/r79apl-180x180.png 180w, http:\/\/tojo.rs\/wp-content\/uploads\/2021\/09\/r79apl-400x400.png 400w, http:\/\/tojo.rs\/wp-content\/uploads\/2021\/09\/r79apl.png 720w\" sizes=\"(max-width: 580px) 100vw, 580px\" \/><\/a><a href=\"https:\/\/www.tojo.rs\/sl\/product\/rocaj-78\/\" rel=\"nofollow\" data-product_id=\"5946\" data-product_sku=\"\" class=\" product-item_btn  product_type_simple\" title=\"Read More\"><span class=\"glyphicons shopping_cart glyphicons-icon\"><\/span><\/a><\/div>\t\t\n\t\t\n\t\t\n\t\t<div class=\"item-details\">\n\t\t\t<h3>Ro\u010daj 78<\/h3>\n\t\t\t<div class=\"product-item-cat\"><a href=\"https:\/\/www.tojo.rs\/sl\/product-category\/rocaji\/\" rel=\"tag\">Ro\u010daji<\/a><\/div>\n\t\t<\/div>\n\t\t\n\t\t\n\t\t\n\t<\/a>\t\n\t<\/div>\n\n<\/li>\n\n\t\t\t\t\n\t\t\t\t\t<li class=\"col-md-3 post-5942 product type-product status-publish has-post-thumbnail product_cat-rocaji last instock shipping-taxable product-type-simple\">\n\n\t<div class=\"product-item-wrap\">\n\n\t<a href=\"https:\/\/www.tojo.rs\/sl\/product\/rocaj-84\/\" class=\"woocommerce-LoopProduct-link\">\n\t\t<div class=\"product-item-thumb-wrap\"><a class=\"product-item-thumb\" href=\"https:\/\/www.tojo.rs\/sl\/product\/rocaj-84\/\" title=\"Read More\"><img width=\"580\" height=\"580\" src=\"https:\/\/tojo.rs\/wp-content\/uploads\/2021\/09\/84_1-580x580.png\" class=\"attachment-front-shop-thumb2 size-front-shop-thumb2 wp-post-image\" alt=\"\" decoding=\"async\" loading=\"lazy\" srcset=\"http:\/\/tojo.rs\/wp-content\/uploads\/2021\/09\/84_1-580x580.png 580w, http:\/\/tojo.rs\/wp-content\/uploads\/2021\/09\/84_1-300x300.png 300w, http:\/\/tojo.rs\/wp-content\/uploads\/2021\/09\/84_1-150x150.png 150w, http:\/\/tojo.rs\/wp-content\/uploads\/2021\/09\/84_1-250x250.png 250w, http:\/\/tojo.rs\/wp-content\/uploads\/2021\/09\/84_1-90x90.png 90w, http:\/\/tojo.rs\/wp-content\/uploads\/2021\/09\/84_1-100x100.png 100w, http:\/\/tojo.rs\/wp-content\/uploads\/2021\/09\/84_1-158x158.png 158w, http:\/\/tojo.rs\/wp-content\/uploads\/2021\/09\/84_1-180x180.png 180w, http:\/\/tojo.rs\/wp-content\/uploads\/2021\/09\/84_1-400x400.png 400w, http:\/\/tojo.rs\/wp-content\/uploads\/2021\/09\/84_1.png 720w\" sizes=\"(max-width: 580px) 100vw, 580px\" \/><\/a><a href=\"https:\/\/www.tojo.rs\/sl\/product\/rocaj-84\/\" rel=\"nofollow\" data-product_id=\"5942\" data-product_sku=\"\" class=\" product-item_btn  product_type_simple\" title=\"Read More\"><span class=\"glyphicons shopping_cart glyphicons-icon\"><\/span><\/a><\/div>\t\t\n\t\t\n\t\t\n\t\t<div class=\"item-details\">\n\t\t\t<h3>Ro\u010daj 84<\/h3>\n\t\t\t<div class=\"product-item-cat\"><a href=\"https:\/\/www.tojo.rs\/sl\/product-category\/rocaji\/\" rel=\"tag\">Ro\u010daji<\/a><\/div>\n\t\t<\/div>\n\t\t\n\t\t\n\t\t\n\t<\/a>\t\n\t<\/div>\n\n<\/li>\n\n\t\t\t\t\n\t\t\t<\/ul>\n\t\t\t\n\t\t\t<\/div>[\/vc_column][\/vc_row][vc_row][vc_column width=&#8221;1\/3&#8243;]<a href=\"\" class=\"lpd-module\"><img class=\"img-responsive\" src=\"https:\/\/tojo.rs\/wp-content\/uploads\/2016\/10\/modul1.jpg\"><span class=\"module_content\"><table><tbody><tr><td style=\"vertical-align:middle\"><h3>Sodobni stroji<\/h3><div class=\"sep-border\"><\/div><\/tr><\/tbody><\/table><\/span><\/a>[\/vc_column][vc_column width=&#8221;1\/3&#8243;]<a href=\"\" class=\"lpd-module\"><img class=\"img-responsive\" src=\"https:\/\/tojo.rs\/wp-content\/uploads\/2016\/10\/modul2.jpg\"><span class=\"module_content\"><table><tbody><tr><td style=\"vertical-align:middle\"><h3>Strokovno osebje<br \/>\n<\/h3><div class=\"sep-border\"><\/div><\/tr><\/tbody><\/table><\/span><\/a>[\/vc_column][vc_column width=&#8221;1\/3&#8243;]<a href=\"\" class=\"lpd-module\"><img class=\"img-responsive\" src=\"https:\/\/tojo.rs\/wp-content\/uploads\/2016\/10\/modul3.jpg\"><span class=\"module_content\"><table><tbody><tr><td style=\"vertical-align:middle\"><h3>Visoko kvalitetni izdelki<br \/>\n<\/h3><div class=\"sep-border\"><\/div><\/tr><\/tbody><\/table><\/span><\/a>[\/vc_column][\/vc_row]<\/p>\n","protected":false},"excerpt":{"rendered":"<p>[vc_row][vc_column][layerslider_vc id=&#8221;1&#8243;][\/vc_column][\/vc_row][vc_row][vc_column][vc_text_separator title=&#8221; Novi izdelki&#8221;][\/vc_column][\/vc_row][vc_row][vc_column][\/vc_column][\/vc_row][vc_row][vc_column width=&#8221;1\/3&#8243;][\/vc_column][vc_column width=&#8221;1\/3&#8243;][\/vc_column][vc_column width=&#8221;1\/3&#8243;][\/vc_column][\/vc_row]<\/p>\n","protected":false},"author":1,"featured_media":0,"parent":0,"menu_order":0,"comment_status":"closed","ping_status":"closed","template":"template-front.php","meta":[],"yoast_head":"<!-- This site is optimized with the Yoast SEO plugin v18.8 - https:\/\/yoast.com\/wordpress\/plugins\/seo\/ -->\n<title>Doma\u010da stran | Tojo | Proizvodnja i prodaja okova | Se\u010denje plo\u010dastih materijala<\/title>\n<meta name=\"robots\" content=\"index, follow, max-snippet:-1, max-image-preview:large, max-video-preview:-1\" \/>\n<link rel=\"canonical\" href=\"https:\/\/www.tojo.rs\/sl\/\" \/>\n<meta property=\"og:locale\" content=\"sl_SI\" \/>\n<meta property=\"og:type\" content=\"article\" \/>\n<meta property=\"og:title\" content=\"Doma\u010da stran | Tojo | Proizvodnja i prodaja okova | Se\u010denje plo\u010dastih materijala\" \/>\n<meta property=\"og:description\" content=\"[vc_row][vc_column][layerslider_vc id=&#8221;1&#8243;][\/vc_column][\/vc_row][vc_row][vc_column][vc_text_separator title=&#8221; Novi izdelki&#8221;][\/vc_column][\/vc_row][vc_row][vc_column][\/vc_column][\/vc_row][vc_row][vc_column width=&#8221;1\/3&#8243;][\/vc_column][vc_column width=&#8221;1\/3&#8243;][\/vc_column][vc_column width=&#8221;1\/3&#8243;][\/vc_column][\/vc_row]\" \/>\n<meta property=\"og:url\" content=\"https:\/\/www.tojo.rs\/sl\/\" \/>\n<meta property=\"og:site_name\" content=\"Tojo | Proizvodnja i prodaja okova | Se\u010denje plo\u010dastih materijala\" \/>\n<meta property=\"article:publisher\" content=\"https:\/\/www.facebook.com\/tojocentar\/\" \/>\n<meta property=\"og:image\" content=\"https:\/\/tojo.rs\/wp-content\/uploads\/2016\/10\/cropped-TOJO-logo.png\" \/>\n\t<meta property=\"og:image:width\" content=\"512\" \/>\n\t<meta property=\"og:image:height\" content=\"512\" \/>\n\t<meta property=\"og:image:type\" content=\"image\/png\" \/>\n<meta name=\"twitter:card\" content=\"summary_large_image\" \/>\n<script type=\"application\/ld+json\" class=\"yoast-schema-graph\">{\"@context\":\"https:\/\/schema.org\",\"@graph\":[{\"@type\":\"Organization\",\"@id\":\"https:\/\/www.tojo.rs\/#organization\",\"name\":\"Tojo | Proizvodnja i prodaja okova | Se\u010denje plo\u010dastih materijala\",\"url\":\"https:\/\/www.tojo.rs\/\",\"sameAs\":[\"https:\/\/www.facebook.com\/tojocentar\/\",\"https:\/\/www.instagram.com\/tojo_centar_pozega\/\"],\"logo\":{\"@type\":\"ImageObject\",\"inLanguage\":\"sl-SI\",\"@id\":\"https:\/\/www.tojo.rs\/#\/schema\/logo\/image\/\",\"url\":\"https:\/\/tojo.rs\/wp-content\/uploads\/2016\/10\/Tojo-KOLOR-logo.jpg\",\"contentUrl\":\"https:\/\/tojo.rs\/wp-content\/uploads\/2016\/10\/Tojo-KOLOR-logo.jpg\",\"width\":964,\"height\":277,\"caption\":\"Tojo | Proizvodnja i prodaja okova | Se\u010denje plo\u010dastih materijala\"},\"image\":{\"@id\":\"https:\/\/www.tojo.rs\/#\/schema\/logo\/image\/\"}},{\"@type\":\"WebSite\",\"@id\":\"https:\/\/www.tojo.rs\/#website\",\"url\":\"https:\/\/www.tojo.rs\/\",\"name\":\"Tojo | Proizvodnja i prodaja okova | Se\u010denje plo\u010dastih materijala\",\"description\":\"okovi za name\u0161taj iverica gvo\u017e\u0111ara homemarket maloprodaja u\u017eice po\u017eega prijepolje slovenija elektro alat bazeni kupatilo \",\"publisher\":{\"@id\":\"https:\/\/www.tojo.rs\/#organization\"},\"potentialAction\":[{\"@type\":\"SearchAction\",\"target\":{\"@type\":\"EntryPoint\",\"urlTemplate\":\"https:\/\/www.tojo.rs\/?s={search_term_string}\"},\"query-input\":\"required name=search_term_string\"}],\"inLanguage\":\"sl-SI\"},{\"@type\":\"WebPage\",\"@id\":\"https:\/\/www.tojo.rs\/sl\/#webpage\",\"url\":\"https:\/\/www.tojo.rs\/sl\/\",\"name\":\"Doma\u010da stran | Tojo | Proizvodnja i prodaja okova | Se\u010denje plo\u010dastih materijala\",\"isPartOf\":{\"@id\":\"https:\/\/www.tojo.rs\/#website\"},\"datePublished\":\"2016-10-09T16:21:29+00:00\",\"dateModified\":\"2016-10-09T16:21:29+00:00\",\"breadcrumb\":{\"@id\":\"https:\/\/www.tojo.rs\/sl\/#breadcrumb\"},\"inLanguage\":\"sl-SI\",\"potentialAction\":[{\"@type\":\"ReadAction\",\"target\":[\"https:\/\/www.tojo.rs\/sl\/\"]}]},{\"@type\":\"BreadcrumbList\",\"@id\":\"https:\/\/www.tojo.rs\/sl\/#breadcrumb\",\"itemListElement\":[{\"@type\":\"ListItem\",\"position\":1,\"name\":\"Home\",\"item\":\"https:\/\/www.tojo.rs\/sl\/\"},{\"@type\":\"ListItem\",\"position\":2,\"name\":\"Doma\u010da stran\"}]}]}<\/script>\n<!-- \/ Yoast SEO plugin. -->","yoast_head_json":{"title":"Doma\u010da stran | Tojo | Proizvodnja i prodaja okova | Se\u010denje plo\u010dastih materijala","robots":{"index":"index","follow":"follow","max-snippet":"max-snippet:-1","max-image-preview":"max-image-preview:large","max-video-preview":"max-video-preview:-1"},"canonical":"https:\/\/www.tojo.rs\/sl\/","og_locale":"sl_SI","og_type":"article","og_title":"Doma\u010da stran | Tojo | Proizvodnja i prodaja okova | Se\u010denje plo\u010dastih materijala","og_description":"[vc_row][vc_column][layerslider_vc id=&#8221;1&#8243;][\/vc_column][\/vc_row][vc_row][vc_column][vc_text_separator title=&#8221; Novi izdelki&#8221;][\/vc_column][\/vc_row][vc_row][vc_column][\/vc_column][\/vc_row][vc_row][vc_column width=&#8221;1\/3&#8243;][\/vc_column][vc_column width=&#8221;1\/3&#8243;][\/vc_column][vc_column width=&#8221;1\/3&#8243;][\/vc_column][\/vc_row]","og_url":"https:\/\/www.tojo.rs\/sl\/","og_site_name":"Tojo | Proizvodnja i prodaja okova | Se\u010denje plo\u010dastih materijala","article_publisher":"https:\/\/www.facebook.com\/tojocentar\/","og_image":[{"width":512,"height":512,"url":"https:\/\/tojo.rs\/wp-content\/uploads\/2016\/10\/cropped-TOJO-logo.png","type":"image\/png"}],"twitter_card":"summary_large_image","schema":{"@context":"https:\/\/schema.org","@graph":[{"@type":"Organization","@id":"https:\/\/www.tojo.rs\/#organization","name":"Tojo | Proizvodnja i prodaja okova | Se\u010denje plo\u010dastih materijala","url":"https:\/\/www.tojo.rs\/","sameAs":["https:\/\/www.facebook.com\/tojocentar\/","https:\/\/www.instagram.com\/tojo_centar_pozega\/"],"logo":{"@type":"ImageObject","inLanguage":"sl-SI","@id":"https:\/\/www.tojo.rs\/#\/schema\/logo\/image\/","url":"https:\/\/tojo.rs\/wp-content\/uploads\/2016\/10\/Tojo-KOLOR-logo.jpg","contentUrl":"https:\/\/tojo.rs\/wp-content\/uploads\/2016\/10\/Tojo-KOLOR-logo.jpg","width":964,"height":277,"caption":"Tojo | Proizvodnja i prodaja okova | Se\u010denje plo\u010dastih materijala"},"image":{"@id":"https:\/\/www.tojo.rs\/#\/schema\/logo\/image\/"}},{"@type":"WebSite","@id":"https:\/\/www.tojo.rs\/#website","url":"https:\/\/www.tojo.rs\/","name":"Tojo | Proizvodnja i prodaja okova | Se\u010denje plo\u010dastih materijala","description":"okovi za name\u0161taj iverica gvo\u017e\u0111ara homemarket maloprodaja u\u017eice po\u017eega prijepolje slovenija elektro alat bazeni kupatilo ","publisher":{"@id":"https:\/\/www.tojo.rs\/#organization"},"potentialAction":[{"@type":"SearchAction","target":{"@type":"EntryPoint","urlTemplate":"https:\/\/www.tojo.rs\/?s={search_term_string}"},"query-input":"required name=search_term_string"}],"inLanguage":"sl-SI"},{"@type":"WebPage","@id":"https:\/\/www.tojo.rs\/sl\/#webpage","url":"https:\/\/www.tojo.rs\/sl\/","name":"Doma\u010da stran | Tojo | Proizvodnja i prodaja okova | Se\u010denje plo\u010dastih materijala","isPartOf":{"@id":"https:\/\/www.tojo.rs\/#website"},"datePublished":"2016-10-09T16:21:29+00:00","dateModified":"2016-10-09T16:21:29+00:00","breadcrumb":{"@id":"https:\/\/www.tojo.rs\/sl\/#breadcrumb"},"inLanguage":"sl-SI","potentialAction":[{"@type":"ReadAction","target":["https:\/\/www.tojo.rs\/sl\/"]}]},{"@type":"BreadcrumbList","@id":"https:\/\/www.tojo.rs\/sl\/#breadcrumb","itemListElement":[{"@type":"ListItem","position":1,"name":"Home","item":"https:\/\/www.tojo.rs\/sl\/"},{"@type":"ListItem","position":2,"name":"Doma\u010da stran"}]}]}},"_links":{"self":[{"href":"https:\/\/www.tojo.rs\/sl\/wp-json\/wp\/v2\/pages\/634"}],"collection":[{"href":"https:\/\/www.tojo.rs\/sl\/wp-json\/wp\/v2\/pages"}],"about":[{"href":"https:\/\/www.tojo.rs\/sl\/wp-json\/wp\/v2\/types\/page"}],"author":[{"embeddable":true,"href":"https:\/\/www.tojo.rs\/sl\/wp-json\/wp\/v2\/users\/1"}],"replies":[{"embeddable":true,"href":"https:\/\/www.tojo.rs\/sl\/wp-json\/wp\/v2\/comments?post=634"}],"version-history":[{"count":1,"href":"https:\/\/www.tojo.rs\/sl\/wp-json\/wp\/v2\/pages\/634\/revisions"}],"predecessor-version":[{"id":651,"href":"https:\/\/www.tojo.rs\/sl\/wp-json\/wp\/v2\/pages\/634\/revisions\/651"}],"wp:attachment":[{"href":"https:\/\/www.tojo.rs\/sl\/wp-json\/wp\/v2\/media?parent=634"}],"curies":[{"name":"wp","href":"https:\/\/api.w.org\/{rel}","templated":true}]}}