{"id":631,"date":"2016-10-09T16:06:52","date_gmt":"2016-10-09T16:06:52","guid":{"rendered":"http:\/\/tojo.vladimirvukajlovic.com\/sl\/?page_id=631"},"modified":"2016-10-09T16:15:27","modified_gmt":"2016-10-09T16:15:27","slug":"lokacija","status":"publish","type":"page","link":"https:\/\/www.tojo.rs\/sl\/lokacija\/","title":{"rendered":"Lokacija"},"content":{"rendered":"<p>[vc_row][vc_column][vc_text_separator title=&#8221; PREDSTAVNI\u0160VO&#8221;][\/vc_column][\/vc_row][vc_row][vc_column][vc_row_inner][vc_column_inner width=&#8221;1\/2&#8243;][vc_text_separator title=&#8221;Ljubljana&#8221; title_align=&#8221;separator_align_left&#8221;][vc_column_text]<\/p>\n<table class=\"maloprodaja-tabela\" style=\"height: 181px;\" width=\"274\">\n<tbody>\n<tr>\n<td class=\"tabela-align-right\" colspan=\"2\">Tojo d.o.o. Cesta 24. Junija 23<\/td>\n<\/tr>\n<tr>\n<td class=\"tabela-align-right\" colspan=\"2\">SI- 1231 Ljubljana-\u010crnu\u010de, Slovenija<\/td>\n<\/tr>\n<tr>\n<td class=\"tabela-align-right\" colspan=\"2\">Obisk po predhodnem dogovoru<\/td>\n<\/tr>\n<tr>\n<td class=\"tabela-align-right\" colspan=\"2\">T\/F: +386 (0) 59 079 720, M: +386 (0) 41 417 186<\/td>\n<\/tr>\n<tr>\n<td class=\"tabela-align-right\" colspan=\"2\">e-po\u0161ta: info@tojo.si www.tojo.si<\/td>\n<\/tr>\n<\/tbody>\n<\/table>\n<p>[\/vc_column_text][\/vc_column_inner][vc_column_inner width=&#8221;1\/2&#8243;][vc_gmaps link=&#8221;#E-8_JTNDaWZyYW1lJTIwc3JjJTNEJTIyaHR0cHMlM0ElMkYlMkZ3d3cuZ29vZ2xlLmNvbSUyRm1hcHMlMkZlbWJlZCUzRnBiJTNEJTIxMW0xNCUyMTFtOCUyMTFtMyUyMTFkODg1MzUuMDMyNTU4MzQyNjklMjEyZDE0LjQ2MjExNTUyODUyMTM0NSUyMTNkNDYuMDk2NTYzJTIxM20yJTIxMWkxMDI0JTIxMmk3NjglMjE0ZjEzLjElMjEzbTMlMjExbTIlMjExczB4NDc2NTMzMTk3YjA4MmI0OSUyNTNBMHhiYTMzMTQ3ZTU2YTQwNjFiJTIxMnpRMlZ6ZEdFZ01qUXVJR3AxYm1scVlTQXlNeXdnTVRJek1TQk1hblZpYkdwaGJtRWdMU0RFakhKdWRjU05aU3dnMEtIUXU5Qy0wTExRdGRDOTBMalJtTkN3JTIxNWUwJTIxM20yJTIxMXNzciUyMTJzcnMlMjE0djE0NzU5NjYxMDQzNjIlMjIlMjB3aWR0aCUzRCUyMjYwMCUyMiUyMGhlaWdodCUzRCUyMjQ1MCUyMiUyMGZyYW1lYm9yZGVyJTNEJTIyMCUyMiUyMHN0eWxlJTNEJTIyYm9yZGVyJTNBMCUyMiUyMGFsbG93ZnVsbHNjcmVlbiUzRSUzQyUyRmlmcmFtZSUzRQ==&#8221; size=&#8221;300&#8243;][\/vc_column_inner][\/vc_row_inner][\/vc_column][\/vc_row]<\/p>\n","protected":false},"excerpt":{"rendered":"<p>[vc_row][vc_column][vc_text_separator title=&#8221; PREDSTAVNI\u0160VO&#8221;][\/vc_column][\/vc_row][vc_row][vc_column][vc_row_inner][vc_column_inner width=&#8221;1\/2&#8243;][vc_text_separator title=&#8221;Ljubljana&#8221; title_align=&#8221;separator_align_left&#8221;][vc_column_text] Tojo d.o.o. Cesta 24. Junija 23 SI- 1231 Ljubljana-\u010crnu\u010de, Slovenija Obisk po predhodnem dogovoru T\/F: +386 (0) 59 079 720, M: +386 (0) 41 417 186 e-po\u0161ta: info@tojo.si www.tojo.si [\/vc_column_text][\/vc_column_inner][vc_column_inner width=&#8221;1\/2&#8243;][vc_gmaps link=&#8221;#E-8_JTNDaWZyYW1lJTIwc3JjJTNEJTIyaHR0cHMlM0ElMkYlMkZ3d3cuZ29vZ2xlLmNvbSUyRm1hcHMlMkZlbWJlZCUzRnBiJTNEJTIxMW0xNCUyMTFtOCUyMTFtMyUyMTFkODg1MzUuMDMyNTU4MzQyNjklMjEyZDE0LjQ2MjExNTUyODUyMTM0NSUyMTNkNDYuMDk2NTYzJTIxM20yJTIxMWkxMDI0JTIxMmk3NjglMjE0ZjEzLjElMjEzbTMlMjExbTIlMjExczB4NDc2NTMzMTk3YjA4MmI0OSUyNTNBMHhiYTMzMTQ3ZTU2YTQwNjFiJTIxMnpRMlZ6ZEdFZ01qUXVJR3AxYm1scVlTQXlNeXdnTVRJek1TQk1hblZpYkdwaGJtRWdMU0RFakhKdWRjU05aU3dnMEtIUXU5Qy0wTExRdGRDOTBMalJtTkN3JTIxNWUwJTIxM20yJTIxMXNzciUyMTJzcnMlMjE0djE0NzU5NjYxMDQzNjIlMjIlMjB3aWR0aCUzRCUyMjYwMCUyMiUyMGhlaWdodCUzRCUyMjQ1MCUyMiUyMGZyYW1lYm9yZGVyJTNEJTIyMCUyMiUyMHN0eWxlJTNEJTIyYm9yZGVyJTNBMCUyMiUyMGFsbG93ZnVsbHNjcmVlbiUzRSUzQyUyRmlmcmFtZSUzRQ==&#8221; size=&#8221;300&#8243;][\/vc_column_inner][\/vc_row_inner][\/vc_column][\/vc_row]<\/p>\n","protected":false},"author":1,"featured_media":0,"parent":0,"menu_order":0,"comment_status":"closed","ping_status":"closed","template":"template-front.php","meta":[],"yoast_head":"<!-- This site is optimized with the Yoast SEO plugin v18.8 - https:\/\/yoast.com\/wordpress\/plugins\/seo\/ -->\n<title>Lokacija | Tojo | Proizvodnja i prodaja okova | Se\u010denje plo\u010dastih materijala<\/title>\n<meta name=\"robots\" content=\"index, follow, max-snippet:-1, max-image-preview:large, max-video-preview:-1\" \/>\n<link rel=\"canonical\" href=\"https:\/\/www.tojo.rs\/sl\/lokacija\/\" \/>\n<meta property=\"og:locale\" content=\"sl_SI\" \/>\n<meta property=\"og:type\" content=\"article\" \/>\n<meta property=\"og:title\" content=\"Lokacija | Tojo | Proizvodnja i prodaja okova | Se\u010denje plo\u010dastih materijala\" \/>\n<meta property=\"og:description\" content=\"[vc_row][vc_column][vc_text_separator title=&#8221; PREDSTAVNI\u0160VO&#8221;][\/vc_column][\/vc_row][vc_row][vc_column][vc_row_inner][vc_column_inner width=&#8221;1\/2&#8243;][vc_text_separator title=&#8221;Ljubljana&#8221; title_align=&#8221;separator_align_left&#8221;][vc_column_text] Tojo d.o.o. Cesta 24. Junija 23 SI- 1231 Ljubljana-\u010crnu\u010de, Slovenija Obisk po predhodnem dogovoru T\/F: +386 (0) 59 079 720, M: +386 (0) 41 417 186 e-po\u0161ta: info@tojo.si www.tojo.si [\/vc_column_text][\/vc_column_inner][vc_column_inner width=&#8221;1\/2&#8243;][vc_gmaps link=&#8221;#E-8_JTNDaWZyYW1lJTIwc3JjJTNEJTIyaHR0cHMlM0ElMkYlMkZ3d3cuZ29vZ2xlLmNvbSUyRm1hcHMlMkZlbWJlZCUzRnBiJTNEJTIxMW0xNCUyMTFtOCUyMTFtMyUyMTFkODg1MzUuMDMyNTU4MzQyNjklMjEyZDE0LjQ2MjExNTUyODUyMTM0NSUyMTNkNDYuMDk2NTYzJTIxM20yJTIxMWkxMDI0JTIxMmk3NjglMjE0ZjEzLjElMjEzbTMlMjExbTIlMjExczB4NDc2NTMzMTk3YjA4MmI0OSUyNTNBMHhiYTMzMTQ3ZTU2YTQwNjFiJTIxMnpRMlZ6ZEdFZ01qUXVJR3AxYm1scVlTQXlNeXdnTVRJek1TQk1hblZpYkdwaGJtRWdMU0RFakhKdWRjU05aU3dnMEtIUXU5Qy0wTExRdGRDOTBMalJtTkN3JTIxNWUwJTIxM20yJTIxMXNzciUyMTJzcnMlMjE0djE0NzU5NjYxMDQzNjIlMjIlMjB3aWR0aCUzRCUyMjYwMCUyMiUyMGhlaWdodCUzRCUyMjQ1MCUyMiUyMGZyYW1lYm9yZGVyJTNEJTIyMCUyMiUyMHN0eWxlJTNEJTIyYm9yZGVyJTNBMCUyMiUyMGFsbG93ZnVsbHNjcmVlbiUzRSUzQyUyRmlmcmFtZSUzRQ==&#8221; size=&#8221;300&#8243;][\/vc_column_inner][\/vc_row_inner][\/vc_column][\/vc_row]\" \/>\n<meta property=\"og:url\" content=\"https:\/\/www.tojo.rs\/sl\/lokacija\/\" \/>\n<meta property=\"og:site_name\" content=\"Tojo | Proizvodnja i prodaja okova | Se\u010denje plo\u010dastih materijala\" \/>\n<meta property=\"article:publisher\" content=\"https:\/\/www.facebook.com\/tojocentar\/\" \/>\n<meta property=\"article:modified_time\" content=\"2016-10-09T16:15:27+00:00\" \/>\n<meta property=\"og:image\" content=\"https:\/\/tojo.rs\/wp-content\/uploads\/2016\/10\/cropped-TOJO-logo.png\" \/>\n\t<meta property=\"og:image:width\" content=\"512\" \/>\n\t<meta property=\"og:image:height\" content=\"512\" \/>\n\t<meta property=\"og:image:type\" content=\"image\/png\" \/>\n<meta name=\"twitter:card\" content=\"summary_large_image\" \/>\n<meta name=\"twitter:label1\" content=\"Est. reading time\" \/>\n\t<meta name=\"twitter:data1\" content=\"1 minute\" \/>\n<script type=\"application\/ld+json\" class=\"yoast-schema-graph\">{\"@context\":\"https:\/\/schema.org\",\"@graph\":[{\"@type\":\"Organization\",\"@id\":\"https:\/\/www.tojo.rs\/#organization\",\"name\":\"Tojo | Proizvodnja i prodaja okova | Se\u010denje plo\u010dastih materijala\",\"url\":\"https:\/\/www.tojo.rs\/\",\"sameAs\":[\"https:\/\/www.facebook.com\/tojocentar\/\",\"https:\/\/www.instagram.com\/tojo_centar_pozega\/\"],\"logo\":{\"@type\":\"ImageObject\",\"inLanguage\":\"sl-SI\",\"@id\":\"https:\/\/www.tojo.rs\/#\/schema\/logo\/image\/\",\"url\":\"https:\/\/tojo.rs\/wp-content\/uploads\/2016\/10\/Tojo-KOLOR-logo.jpg\",\"contentUrl\":\"https:\/\/tojo.rs\/wp-content\/uploads\/2016\/10\/Tojo-KOLOR-logo.jpg\",\"width\":964,\"height\":277,\"caption\":\"Tojo | Proizvodnja i prodaja okova | Se\u010denje plo\u010dastih materijala\"},\"image\":{\"@id\":\"https:\/\/www.tojo.rs\/#\/schema\/logo\/image\/\"}},{\"@type\":\"WebSite\",\"@id\":\"https:\/\/www.tojo.rs\/#website\",\"url\":\"https:\/\/www.tojo.rs\/\",\"name\":\"Tojo | Proizvodnja i prodaja okova | Se\u010denje plo\u010dastih materijala\",\"description\":\"okovi za name\u0161taj iverica gvo\u017e\u0111ara homemarket maloprodaja u\u017eice po\u017eega prijepolje slovenija elektro alat bazeni kupatilo \",\"publisher\":{\"@id\":\"https:\/\/www.tojo.rs\/#organization\"},\"potentialAction\":[{\"@type\":\"SearchAction\",\"target\":{\"@type\":\"EntryPoint\",\"urlTemplate\":\"https:\/\/www.tojo.rs\/?s={search_term_string}\"},\"query-input\":\"required name=search_term_string\"}],\"inLanguage\":\"sl-SI\"},{\"@type\":\"WebPage\",\"@id\":\"https:\/\/www.tojo.rs\/sl\/lokacija\/#webpage\",\"url\":\"https:\/\/www.tojo.rs\/sl\/lokacija\/\",\"name\":\"Lokacija | Tojo | Proizvodnja i prodaja okova | Se\u010denje plo\u010dastih materijala\",\"isPartOf\":{\"@id\":\"https:\/\/www.tojo.rs\/#website\"},\"datePublished\":\"2016-10-09T16:06:52+00:00\",\"dateModified\":\"2016-10-09T16:15:27+00:00\",\"breadcrumb\":{\"@id\":\"https:\/\/www.tojo.rs\/sl\/lokacija\/#breadcrumb\"},\"inLanguage\":\"sl-SI\",\"potentialAction\":[{\"@type\":\"ReadAction\",\"target\":[\"https:\/\/www.tojo.rs\/sl\/lokacija\/\"]}]},{\"@type\":\"BreadcrumbList\",\"@id\":\"https:\/\/www.tojo.rs\/sl\/lokacija\/#breadcrumb\",\"itemListElement\":[{\"@type\":\"ListItem\",\"position\":1,\"name\":\"Home\",\"item\":\"https:\/\/www.tojo.rs\/sl\/\"},{\"@type\":\"ListItem\",\"position\":2,\"name\":\"Lokacija\"}]}]}<\/script>\n<!-- \/ Yoast SEO plugin. -->","yoast_head_json":{"title":"Lokacija | Tojo | Proizvodnja i prodaja okova | Se\u010denje plo\u010dastih materijala","robots":{"index":"index","follow":"follow","max-snippet":"max-snippet:-1","max-image-preview":"max-image-preview:large","max-video-preview":"max-video-preview:-1"},"canonical":"https:\/\/www.tojo.rs\/sl\/lokacija\/","og_locale":"sl_SI","og_type":"article","og_title":"Lokacija | Tojo | Proizvodnja i prodaja okova | Se\u010denje plo\u010dastih materijala","og_description":"[vc_row][vc_column][vc_text_separator title=&#8221; PREDSTAVNI\u0160VO&#8221;][\/vc_column][\/vc_row][vc_row][vc_column][vc_row_inner][vc_column_inner width=&#8221;1\/2&#8243;][vc_text_separator title=&#8221;Ljubljana&#8221; title_align=&#8221;separator_align_left&#8221;][vc_column_text] Tojo d.o.o. Cesta 24. Junija 23 SI- 1231 Ljubljana-\u010crnu\u010de, Slovenija Obisk po predhodnem dogovoru T\/F: +386 (0) 59 079 720, M: +386 (0) 41 417 186 e-po\u0161ta: info@tojo.si www.tojo.si [\/vc_column_text][\/vc_column_inner][vc_column_inner width=&#8221;1\/2&#8243;][vc_gmaps link=&#8221;#E-8_JTNDaWZyYW1lJTIwc3JjJTNEJTIyaHR0cHMlM0ElMkYlMkZ3d3cuZ29vZ2xlLmNvbSUyRm1hcHMlMkZlbWJlZCUzRnBiJTNEJTIxMW0xNCUyMTFtOCUyMTFtMyUyMTFkODg1MzUuMDMyNTU4MzQyNjklMjEyZDE0LjQ2MjExNTUyODUyMTM0NSUyMTNkNDYuMDk2NTYzJTIxM20yJTIxMWkxMDI0JTIxMmk3NjglMjE0ZjEzLjElMjEzbTMlMjExbTIlMjExczB4NDc2NTMzMTk3YjA4MmI0OSUyNTNBMHhiYTMzMTQ3ZTU2YTQwNjFiJTIxMnpRMlZ6ZEdFZ01qUXVJR3AxYm1scVlTQXlNeXdnTVRJek1TQk1hblZpYkdwaGJtRWdMU0RFakhKdWRjU05aU3dnMEtIUXU5Qy0wTExRdGRDOTBMalJtTkN3JTIxNWUwJTIxM20yJTIxMXNzciUyMTJzcnMlMjE0djE0NzU5NjYxMDQzNjIlMjIlMjB3aWR0aCUzRCUyMjYwMCUyMiUyMGhlaWdodCUzRCUyMjQ1MCUyMiUyMGZyYW1lYm9yZGVyJTNEJTIyMCUyMiUyMHN0eWxlJTNEJTIyYm9yZGVyJTNBMCUyMiUyMGFsbG93ZnVsbHNjcmVlbiUzRSUzQyUyRmlmcmFtZSUzRQ==&#8221; size=&#8221;300&#8243;][\/vc_column_inner][\/vc_row_inner][\/vc_column][\/vc_row]","og_url":"https:\/\/www.tojo.rs\/sl\/lokacija\/","og_site_name":"Tojo | Proizvodnja i prodaja okova | Se\u010denje plo\u010dastih materijala","article_publisher":"https:\/\/www.facebook.com\/tojocentar\/","article_modified_time":"2016-10-09T16:15:27+00:00","og_image":[{"width":512,"height":512,"url":"https:\/\/tojo.rs\/wp-content\/uploads\/2016\/10\/cropped-TOJO-logo.png","type":"image\/png"}],"twitter_card":"summary_large_image","twitter_misc":{"Est. reading time":"1 minute"},"schema":{"@context":"https:\/\/schema.org","@graph":[{"@type":"Organization","@id":"https:\/\/www.tojo.rs\/#organization","name":"Tojo | Proizvodnja i prodaja okova | Se\u010denje plo\u010dastih materijala","url":"https:\/\/www.tojo.rs\/","sameAs":["https:\/\/www.facebook.com\/tojocentar\/","https:\/\/www.instagram.com\/tojo_centar_pozega\/"],"logo":{"@type":"ImageObject","inLanguage":"sl-SI","@id":"https:\/\/www.tojo.rs\/#\/schema\/logo\/image\/","url":"https:\/\/tojo.rs\/wp-content\/uploads\/2016\/10\/Tojo-KOLOR-logo.jpg","contentUrl":"https:\/\/tojo.rs\/wp-content\/uploads\/2016\/10\/Tojo-KOLOR-logo.jpg","width":964,"height":277,"caption":"Tojo | Proizvodnja i prodaja okova | Se\u010denje plo\u010dastih materijala"},"image":{"@id":"https:\/\/www.tojo.rs\/#\/schema\/logo\/image\/"}},{"@type":"WebSite","@id":"https:\/\/www.tojo.rs\/#website","url":"https:\/\/www.tojo.rs\/","name":"Tojo | Proizvodnja i prodaja okova | Se\u010denje plo\u010dastih materijala","description":"okovi za name\u0161taj iverica gvo\u017e\u0111ara homemarket maloprodaja u\u017eice po\u017eega prijepolje slovenija elektro alat bazeni kupatilo ","publisher":{"@id":"https:\/\/www.tojo.rs\/#organization"},"potentialAction":[{"@type":"SearchAction","target":{"@type":"EntryPoint","urlTemplate":"https:\/\/www.tojo.rs\/?s={search_term_string}"},"query-input":"required name=search_term_string"}],"inLanguage":"sl-SI"},{"@type":"WebPage","@id":"https:\/\/www.tojo.rs\/sl\/lokacija\/#webpage","url":"https:\/\/www.tojo.rs\/sl\/lokacija\/","name":"Lokacija | Tojo | Proizvodnja i prodaja okova | Se\u010denje plo\u010dastih materijala","isPartOf":{"@id":"https:\/\/www.tojo.rs\/#website"},"datePublished":"2016-10-09T16:06:52+00:00","dateModified":"2016-10-09T16:15:27+00:00","breadcrumb":{"@id":"https:\/\/www.tojo.rs\/sl\/lokacija\/#breadcrumb"},"inLanguage":"sl-SI","potentialAction":[{"@type":"ReadAction","target":["https:\/\/www.tojo.rs\/sl\/lokacija\/"]}]},{"@type":"BreadcrumbList","@id":"https:\/\/www.tojo.rs\/sl\/lokacija\/#breadcrumb","itemListElement":[{"@type":"ListItem","position":1,"name":"Home","item":"https:\/\/www.tojo.rs\/sl\/"},{"@type":"ListItem","position":2,"name":"Lokacija"}]}]}},"_links":{"self":[{"href":"https:\/\/www.tojo.rs\/sl\/wp-json\/wp\/v2\/pages\/631"}],"collection":[{"href":"https:\/\/www.tojo.rs\/sl\/wp-json\/wp\/v2\/pages"}],"about":[{"href":"https:\/\/www.tojo.rs\/sl\/wp-json\/wp\/v2\/types\/page"}],"author":[{"embeddable":true,"href":"https:\/\/www.tojo.rs\/sl\/wp-json\/wp\/v2\/users\/1"}],"replies":[{"embeddable":true,"href":"https:\/\/www.tojo.rs\/sl\/wp-json\/wp\/v2\/comments?post=631"}],"version-history":[{"count":8,"href":"https:\/\/www.tojo.rs\/sl\/wp-json\/wp\/v2\/pages\/631\/revisions"}],"predecessor-version":[{"id":648,"href":"https:\/\/www.tojo.rs\/sl\/wp-json\/wp\/v2\/pages\/631\/revisions\/648"}],"wp:attachment":[{"href":"https:\/\/www.tojo.rs\/sl\/wp-json\/wp\/v2\/media?parent=631"}],"curies":[{"name":"wp","href":"https:\/\/api.w.org\/{rel}","templated":true}]}}