{"id":629,"date":"2016-10-09T15:53:41","date_gmt":"2016-10-09T15:53:41","guid":{"rendered":"http:\/\/tojo.vladimirvukajlovic.com\/sl\/?page_id=629"},"modified":"2023-12-27T21:02:08","modified_gmt":"2023-12-27T21:02:08","slug":"o-nas","status":"publish","type":"page","link":"https:\/\/www.tojo.rs\/sl\/o-nas\/","title":{"rendered":"O nas"},"content":{"rendered":"<p>[vc_row][vc_column][vc_text_separator title=&#8221;O nas&#8221;][\/vc_column][\/vc_row][vc_row][vc_column width=&#8221;1\/3&#8243;][vc_single_image image=&#8221;520&#8243; img_size=&#8221;full&#8221;][\/vc_column][vc_column width=&#8221;2\/3&#8243;][vc_column_text]<\/p>\n<h4>Podjetje TOJO obstaja od leta 1993. Danes, zraven dru\u017eine Blagojevi\u0107, v podjetju dela \u0161e 50\u00a0sodelavcev. Poleg standardne ponudbe, ki \u0161teje ve\u010d kot 200 lastnih artiklov okovja za stavbno pohi\u0161tvo in okovja za pohi\u0161tvo, posku\u0161amo zadovoljiti tudi vsem specifi\u010dnim zahtevam na\u0161ih kupcev. Slednje nam omogo\u010dajo sodobna orodja in stroji ter strokoven kolektiv z ve\u010dletnimi izku\u0161njami na podro\u010dju proizvodnje okovja.<br \/>\nOd leta 2016 smo prisotni tudi v Sloveniji, s predstavni\u0161tvom v Ljubljani.<\/h4>\n<p>[\/vc_column_text][\/vc_column][\/vc_row][vc_row][vc_column][vc_text_separator title=&#8221;Sejmi in nagrade&#8221;][\/vc_column][\/vc_row][vc_row][vc_column width=&#8221;2\/3&#8243;][vc_column_text]<\/p>\n<h4>Sejmi so za nas prilo\u017enost za pogovore s starimi partnerji in prijatelji ter navezovanje stikov z novimi.<\/h4>\n<h4>Od leta 2005 je na\u0161e podjetje redno prisotno na Mednarodnem sejmu pohi\u0161tva v Beogradu. Veliko obiskovalcev, atraktivni razstavni prostor in profesionalno osebje so doprinesli k velikemu \u0161tevilu novih partnerjev in kupcev. V vseh teh letih smo prejeli tudi ve\u010d nagrad \u2013 nagrade za kakovostne proizvode, nagrade za celovit tr\u017eenjski nastop, prvo nagrado sejma \u201cZlati klju\u010d leta 2009\u201d<br \/>\nidr.<\/h4>\n<h4>Od leta 2013 z velikim uspehom razstavljamo tudi na najpresti\u017enej\u0161em sejmu okovja za pohi\u0161tvo na svetu \u2013 SICAM, Pordenone, Italija.<\/h4>\n<p>[\/vc_column_text][vc_row_inner content_placement=&#8221;middle&#8221;][vc_column_inner width=&#8221;2\/3&#8243;][vc_single_image image=&#8221;535&#8243; img_size=&#8221;full&#8221;][\/vc_column_inner][vc_column_inner width=&#8221;1\/3&#8243;][vc_single_image image=&#8221;5843&#8243; img_size=&#8221;200&#215;200&#8243;][\/vc_column_inner][\/vc_row_inner][\/vc_column][vc_column width=&#8221;1\/3&#8243;][vc_single_image image=&#8221;530&#8243; img_size=&#8221;full&#8221;][\/vc_column][\/vc_row][vc_row][vc_column width=&#8221;1\/4&#8243;][vc_single_image image=&#8221;6008&#8243; img_size=&#8221;300&#215;300&#8243; style=&#8221;vc_box_rounded&#8221;][\/vc_column][vc_column width=&#8221;1\/2&#8243;][vc_column_text]<\/p>\n<h4>Podjetje TOJO d.o.o. je prejelo jubilejno priznanje za 30 let nad vse uspe\u0161nega poslovanja in priznanje za dose\u017een nivo organiziranosti v svojem poslovnem objektu TOJO CENTER v Po\u017eegi.<\/h4>\n<h4>Nagrado je podelila Gospodarska zbornica Republike Srbije na najvi\u0161jem dr\u017eavnem nivoju, s katero potrjuje izjemne dose\u017eke malega doma\u010dega dru\u017einskega podjetja in ozna\u010duje za izredni dose\u017eek kot standard prihajajo\u010dih trgovskih centrov.<\/h4>\n<p>[\/vc_column_text][\/vc_column][vc_column width=&#8221;1\/4&#8243;][vc_single_image image=&#8221;6009&#8243; img_size=&#8221;300&#215;300&#8243; style=&#8221;vc_box_rounded&#8221;][\/vc_column][\/vc_row]<\/p>\n","protected":false},"excerpt":{"rendered":"<p>[vc_row][vc_column][vc_text_separator title=&#8221;O nas&#8221;][\/vc_column][\/vc_row][vc_row][vc_column width=&#8221;1\/3&#8243;][vc_single_image image=&#8221;520&#8243; img_size=&#8221;full&#8221;][\/vc_column][vc_column width=&#8221;2\/3&#8243;][vc_column_text] Podjetje TOJO obstaja od leta 1993. Danes, zraven dru\u017eine Blagojevi\u0107, v podjetju dela \u0161e 50\u00a0sodelavcev. Poleg standardne ponudbe, ki \u0161teje ve\u010d kot 200 lastnih artiklov okovja za stavbno pohi\u0161tvo in okovja za pohi\u0161tvo, posku\u0161amo zadovoljiti tudi vsem specifi\u010dnim zahtevam na\u0161ih kupcev. Slednje nam omogo\u010dajo sodobna orodja in stroji [&hellip;]<\/p>\n","protected":false},"author":1,"featured_media":0,"parent":0,"menu_order":0,"comment_status":"closed","ping_status":"closed","template":"template-front.php","meta":[],"yoast_head":"<!-- This site is optimized with the Yoast SEO plugin v18.8 - https:\/\/yoast.com\/wordpress\/plugins\/seo\/ -->\n<title>O nas | Tojo | Proizvodnja i prodaja okova | Se\u010denje plo\u010dastih materijala<\/title>\n<meta name=\"robots\" content=\"index, follow, max-snippet:-1, max-image-preview:large, max-video-preview:-1\" \/>\n<link rel=\"canonical\" href=\"https:\/\/www.tojo.rs\/sl\/o-nas\/\" \/>\n<meta property=\"og:locale\" content=\"sl_SI\" \/>\n<meta property=\"og:type\" content=\"article\" \/>\n<meta property=\"og:title\" content=\"O nas | Tojo | Proizvodnja i prodaja okova | Se\u010denje plo\u010dastih materijala\" \/>\n<meta property=\"og:description\" content=\"[vc_row][vc_column][vc_text_separator title=&#8221;O nas&#8221;][\/vc_column][\/vc_row][vc_row][vc_column width=&#8221;1\/3&#8243;][vc_single_image image=&#8221;520&#8243; img_size=&#8221;full&#8221;][\/vc_column][vc_column width=&#8221;2\/3&#8243;][vc_column_text] Podjetje TOJO obstaja od leta 1993. Danes, zraven dru\u017eine Blagojevi\u0107, v podjetju dela \u0161e 50\u00a0sodelavcev. Poleg standardne ponudbe, ki \u0161teje ve\u010d kot 200 lastnih artiklov okovja za stavbno pohi\u0161tvo in okovja za pohi\u0161tvo, posku\u0161amo zadovoljiti tudi vsem specifi\u010dnim zahtevam na\u0161ih kupcev. Slednje nam omogo\u010dajo sodobna orodja in stroji [&hellip;]\" \/>\n<meta property=\"og:url\" content=\"https:\/\/www.tojo.rs\/sl\/o-nas\/\" \/>\n<meta property=\"og:site_name\" content=\"Tojo | Proizvodnja i prodaja okova | Se\u010denje plo\u010dastih materijala\" \/>\n<meta property=\"article:publisher\" content=\"https:\/\/www.facebook.com\/tojocentar\/\" \/>\n<meta property=\"article:modified_time\" content=\"2023-12-27T21:02:08+00:00\" \/>\n<meta property=\"og:image\" content=\"https:\/\/tojo.rs\/wp-content\/uploads\/2016\/10\/cropped-TOJO-logo.png\" \/>\n\t<meta property=\"og:image:width\" content=\"512\" \/>\n\t<meta property=\"og:image:height\" content=\"512\" \/>\n\t<meta property=\"og:image:type\" content=\"image\/png\" \/>\n<meta name=\"twitter:card\" content=\"summary_large_image\" \/>\n<meta name=\"twitter:label1\" content=\"Est. reading time\" \/>\n\t<meta name=\"twitter:data1\" content=\"2 minutes\" \/>\n<script type=\"application\/ld+json\" class=\"yoast-schema-graph\">{\"@context\":\"https:\/\/schema.org\",\"@graph\":[{\"@type\":\"Organization\",\"@id\":\"https:\/\/www.tojo.rs\/#organization\",\"name\":\"Tojo | Proizvodnja i prodaja okova | Se\u010denje plo\u010dastih materijala\",\"url\":\"https:\/\/www.tojo.rs\/\",\"sameAs\":[\"https:\/\/www.facebook.com\/tojocentar\/\",\"https:\/\/www.instagram.com\/tojo_centar_pozega\/\"],\"logo\":{\"@type\":\"ImageObject\",\"inLanguage\":\"sl-SI\",\"@id\":\"https:\/\/www.tojo.rs\/#\/schema\/logo\/image\/\",\"url\":\"https:\/\/tojo.rs\/wp-content\/uploads\/2016\/10\/Tojo-KOLOR-logo.jpg\",\"contentUrl\":\"https:\/\/tojo.rs\/wp-content\/uploads\/2016\/10\/Tojo-KOLOR-logo.jpg\",\"width\":964,\"height\":277,\"caption\":\"Tojo | Proizvodnja i prodaja okova | Se\u010denje plo\u010dastih materijala\"},\"image\":{\"@id\":\"https:\/\/www.tojo.rs\/#\/schema\/logo\/image\/\"}},{\"@type\":\"WebSite\",\"@id\":\"https:\/\/www.tojo.rs\/#website\",\"url\":\"https:\/\/www.tojo.rs\/\",\"name\":\"Tojo | Proizvodnja i prodaja okova | Se\u010denje plo\u010dastih materijala\",\"description\":\"okovi za name\u0161taj iverica gvo\u017e\u0111ara homemarket maloprodaja u\u017eice po\u017eega prijepolje slovenija elektro alat bazeni kupatilo \",\"publisher\":{\"@id\":\"https:\/\/www.tojo.rs\/#organization\"},\"potentialAction\":[{\"@type\":\"SearchAction\",\"target\":{\"@type\":\"EntryPoint\",\"urlTemplate\":\"https:\/\/www.tojo.rs\/?s={search_term_string}\"},\"query-input\":\"required name=search_term_string\"}],\"inLanguage\":\"sl-SI\"},{\"@type\":\"WebPage\",\"@id\":\"https:\/\/www.tojo.rs\/sl\/o-nas\/#webpage\",\"url\":\"https:\/\/www.tojo.rs\/sl\/o-nas\/\",\"name\":\"O nas | Tojo | Proizvodnja i prodaja okova | Se\u010denje plo\u010dastih materijala\",\"isPartOf\":{\"@id\":\"https:\/\/www.tojo.rs\/#website\"},\"datePublished\":\"2016-10-09T15:53:41+00:00\",\"dateModified\":\"2023-12-27T21:02:08+00:00\",\"breadcrumb\":{\"@id\":\"https:\/\/www.tojo.rs\/sl\/o-nas\/#breadcrumb\"},\"inLanguage\":\"sl-SI\",\"potentialAction\":[{\"@type\":\"ReadAction\",\"target\":[\"https:\/\/www.tojo.rs\/sl\/o-nas\/\"]}]},{\"@type\":\"BreadcrumbList\",\"@id\":\"https:\/\/www.tojo.rs\/sl\/o-nas\/#breadcrumb\",\"itemListElement\":[{\"@type\":\"ListItem\",\"position\":1,\"name\":\"Home\",\"item\":\"https:\/\/www.tojo.rs\/sl\/\"},{\"@type\":\"ListItem\",\"position\":2,\"name\":\"O nas\"}]}]}<\/script>\n<!-- \/ Yoast SEO plugin. -->","yoast_head_json":{"title":"O nas | Tojo | Proizvodnja i prodaja okova | Se\u010denje plo\u010dastih materijala","robots":{"index":"index","follow":"follow","max-snippet":"max-snippet:-1","max-image-preview":"max-image-preview:large","max-video-preview":"max-video-preview:-1"},"canonical":"https:\/\/www.tojo.rs\/sl\/o-nas\/","og_locale":"sl_SI","og_type":"article","og_title":"O nas | Tojo | Proizvodnja i prodaja okova | Se\u010denje plo\u010dastih materijala","og_description":"[vc_row][vc_column][vc_text_separator title=&#8221;O nas&#8221;][\/vc_column][\/vc_row][vc_row][vc_column width=&#8221;1\/3&#8243;][vc_single_image image=&#8221;520&#8243; img_size=&#8221;full&#8221;][\/vc_column][vc_column width=&#8221;2\/3&#8243;][vc_column_text] Podjetje TOJO obstaja od leta 1993. Danes, zraven dru\u017eine Blagojevi\u0107, v podjetju dela \u0161e 50\u00a0sodelavcev. Poleg standardne ponudbe, ki \u0161teje ve\u010d kot 200 lastnih artiklov okovja za stavbno pohi\u0161tvo in okovja za pohi\u0161tvo, posku\u0161amo zadovoljiti tudi vsem specifi\u010dnim zahtevam na\u0161ih kupcev. Slednje nam omogo\u010dajo sodobna orodja in stroji [&hellip;]","og_url":"https:\/\/www.tojo.rs\/sl\/o-nas\/","og_site_name":"Tojo | Proizvodnja i prodaja okova | Se\u010denje plo\u010dastih materijala","article_publisher":"https:\/\/www.facebook.com\/tojocentar\/","article_modified_time":"2023-12-27T21:02:08+00:00","og_image":[{"width":512,"height":512,"url":"https:\/\/tojo.rs\/wp-content\/uploads\/2016\/10\/cropped-TOJO-logo.png","type":"image\/png"}],"twitter_card":"summary_large_image","twitter_misc":{"Est. reading time":"2 minutes"},"schema":{"@context":"https:\/\/schema.org","@graph":[{"@type":"Organization","@id":"https:\/\/www.tojo.rs\/#organization","name":"Tojo | Proizvodnja i prodaja okova | Se\u010denje plo\u010dastih materijala","url":"https:\/\/www.tojo.rs\/","sameAs":["https:\/\/www.facebook.com\/tojocentar\/","https:\/\/www.instagram.com\/tojo_centar_pozega\/"],"logo":{"@type":"ImageObject","inLanguage":"sl-SI","@id":"https:\/\/www.tojo.rs\/#\/schema\/logo\/image\/","url":"https:\/\/tojo.rs\/wp-content\/uploads\/2016\/10\/Tojo-KOLOR-logo.jpg","contentUrl":"https:\/\/tojo.rs\/wp-content\/uploads\/2016\/10\/Tojo-KOLOR-logo.jpg","width":964,"height":277,"caption":"Tojo | Proizvodnja i prodaja okova | Se\u010denje plo\u010dastih materijala"},"image":{"@id":"https:\/\/www.tojo.rs\/#\/schema\/logo\/image\/"}},{"@type":"WebSite","@id":"https:\/\/www.tojo.rs\/#website","url":"https:\/\/www.tojo.rs\/","name":"Tojo | Proizvodnja i prodaja okova | Se\u010denje plo\u010dastih materijala","description":"okovi za name\u0161taj iverica gvo\u017e\u0111ara homemarket maloprodaja u\u017eice po\u017eega prijepolje slovenija elektro alat bazeni kupatilo ","publisher":{"@id":"https:\/\/www.tojo.rs\/#organization"},"potentialAction":[{"@type":"SearchAction","target":{"@type":"EntryPoint","urlTemplate":"https:\/\/www.tojo.rs\/?s={search_term_string}"},"query-input":"required name=search_term_string"}],"inLanguage":"sl-SI"},{"@type":"WebPage","@id":"https:\/\/www.tojo.rs\/sl\/o-nas\/#webpage","url":"https:\/\/www.tojo.rs\/sl\/o-nas\/","name":"O nas | Tojo | Proizvodnja i prodaja okova | Se\u010denje plo\u010dastih materijala","isPartOf":{"@id":"https:\/\/www.tojo.rs\/#website"},"datePublished":"2016-10-09T15:53:41+00:00","dateModified":"2023-12-27T21:02:08+00:00","breadcrumb":{"@id":"https:\/\/www.tojo.rs\/sl\/o-nas\/#breadcrumb"},"inLanguage":"sl-SI","potentialAction":[{"@type":"ReadAction","target":["https:\/\/www.tojo.rs\/sl\/o-nas\/"]}]},{"@type":"BreadcrumbList","@id":"https:\/\/www.tojo.rs\/sl\/o-nas\/#breadcrumb","itemListElement":[{"@type":"ListItem","position":1,"name":"Home","item":"https:\/\/www.tojo.rs\/sl\/"},{"@type":"ListItem","position":2,"name":"O nas"}]}]}},"_links":{"self":[{"href":"https:\/\/www.tojo.rs\/sl\/wp-json\/wp\/v2\/pages\/629"}],"collection":[{"href":"https:\/\/www.tojo.rs\/sl\/wp-json\/wp\/v2\/pages"}],"about":[{"href":"https:\/\/www.tojo.rs\/sl\/wp-json\/wp\/v2\/types\/page"}],"author":[{"embeddable":true,"href":"https:\/\/www.tojo.rs\/sl\/wp-json\/wp\/v2\/users\/1"}],"replies":[{"embeddable":true,"href":"https:\/\/www.tojo.rs\/sl\/wp-json\/wp\/v2\/comments?post=629"}],"version-history":[{"count":4,"href":"https:\/\/www.tojo.rs\/sl\/wp-json\/wp\/v2\/pages\/629\/revisions"}],"predecessor-version":[{"id":6017,"href":"https:\/\/www.tojo.rs\/sl\/wp-json\/wp\/v2\/pages\/629\/revisions\/6017"}],"wp:attachment":[{"href":"https:\/\/www.tojo.rs\/sl\/wp-json\/wp\/v2\/media?parent=629"}],"curies":[{"name":"wp","href":"https:\/\/api.w.org\/{rel}","templated":true}]}}