{"id":463,"date":"2016-10-06T15:04:11","date_gmt":"2016-10-06T15:04:11","guid":{"rendered":"http:\/\/tojo.vladimirvukajlovic.com\/?page_id=463"},"modified":"2018-09-24T13:47:40","modified_gmt":"2018-09-24T13:47:40","slug":"contactus","status":"publish","type":"page","link":"https:\/\/www.tojo.rs\/en\/contactus\/","title":{"rendered":"Contact Us"},"content":{"rendered":"<p>[vc_row][vc_column][vc_text_separator title=&#8221;Contact us&#8221;][\/vc_column][\/vc_row][vc_row][vc_column width=&#8221;1\/2&#8243;][vc_column_text]<\/p>\n<h4>More information about our selling locations on <a title=\"selling-locations\" href=\"http:\/\/www.tojo.rs\/en\/locations\/\">this page<\/a><\/h4>\n<h4>Contact us by phone <b>+381648747215<\/b>\u00a0or via e-mail <b><a href=\"mailto:office@tojo.rs\">office@tojo.rs<\/a><\/b><\/h4>\n<p>[\/vc_column_text][vc_single_image image=&#8221;540&#8243; img_size=&#8221;full&#8221;][\/vc_column][vc_column width=&#8221;1\/2&#8243;]<div role=\"form\" class=\"wpcf7\" id=\"wpcf7-f6-o1\" lang=\"en-GB\" dir=\"ltr\">\n<div class=\"screen-reader-response\"><p role=\"status\" aria-live=\"polite\" aria-atomic=\"true\"><\/p> <ul><\/ul><\/div>\n<form action=\"\/en\/wp-json\/wp\/v2\/pages\/463#wpcf7-f6-o1\" method=\"post\" class=\"wpcf7-form init\" novalidate=\"novalidate\" data-status=\"init\">\n<div style=\"display: none;\">\n<input type=\"hidden\" name=\"_wpcf7\" value=\"6\" \/>\n<input type=\"hidden\" name=\"_wpcf7_version\" value=\"5.5.6\" \/>\n<input type=\"hidden\" name=\"_wpcf7_locale\" value=\"en_GB\" \/>\n<input type=\"hidden\" name=\"_wpcf7_unit_tag\" value=\"wpcf7-f6-o1\" \/>\n<input type=\"hidden\" name=\"_wpcf7_container_post\" value=\"0\" \/>\n<input type=\"hidden\" name=\"_wpcf7_posted_data_hash\" value=\"\" \/>\n<\/div>\n<p>Your Name (required)<br \/>\n    <span class=\"wpcf7-form-control-wrap your-name\"><input type=\"text\" name=\"your-name\" value=\"\" size=\"40\" class=\"wpcf7-form-control wpcf7-text wpcf7-validates-as-required\" aria-required=\"true\" aria-invalid=\"false\" \/><\/span> <\/p>\n<p>Your Email (required)<br \/>\n    <span class=\"wpcf7-form-control-wrap your-email\"><input type=\"email\" name=\"your-email\" value=\"\" size=\"40\" class=\"wpcf7-form-control wpcf7-text wpcf7-email wpcf7-validates-as-required wpcf7-validates-as-email\" aria-required=\"true\" aria-invalid=\"false\" \/><\/span> <\/p>\n<p>Subject<br \/>\n    <span class=\"wpcf7-form-control-wrap your-subject\"><input type=\"text\" name=\"your-subject\" value=\"\" size=\"40\" class=\"wpcf7-form-control wpcf7-text\" aria-invalid=\"false\" \/><\/span> <\/p>\n<p>Your Message<br \/>\n    <span class=\"wpcf7-form-control-wrap your-message\"><textarea name=\"your-message\" cols=\"40\" rows=\"10\" class=\"wpcf7-form-control wpcf7-textarea\" aria-invalid=\"false\"><\/textarea><\/span> <\/p>\n<p><input type=\"submit\" value=\"Send\" class=\"wpcf7-form-control has-spinner wpcf7-submit\" \/><\/p>\n<div class=\"wpcf7-response-output\" aria-hidden=\"true\"><\/div><\/form><\/div>[\/vc_column][\/vc_row]<\/p>\n","protected":false},"excerpt":{"rendered":"<p>[vc_row][vc_column][vc_text_separator title=&#8221;Contact us&#8221;][\/vc_column][\/vc_row][vc_row][vc_column width=&#8221;1\/2&#8243;][vc_column_text] More information about our selling locations on this page Contact us by phone +381648747215\u00a0or via e-mail office@tojo.rs [\/vc_column_text][vc_single_image image=&#8221;540&#8243; img_size=&#8221;full&#8221;][\/vc_column][vc_column width=&#8221;1\/2&#8243;][\/vc_column][\/vc_row]<\/p>\n","protected":false},"author":1,"featured_media":0,"parent":0,"menu_order":0,"comment_status":"closed","ping_status":"closed","template":"template-front.php","meta":[],"yoast_head":"<!-- This site is optimized with the Yoast SEO plugin v18.8 - https:\/\/yoast.com\/wordpress\/plugins\/seo\/ -->\n<title>Contact Us | Tojo | Proizvodnja i prodaja okova | Se\u010denje plo\u010dastih materijala<\/title>\n<meta name=\"robots\" content=\"index, follow, max-snippet:-1, max-image-preview:large, max-video-preview:-1\" \/>\n<link rel=\"canonical\" href=\"https:\/\/www.tojo.rs\/en\/contactus\/\" \/>\n<meta property=\"og:locale\" content=\"en_US\" \/>\n<meta property=\"og:type\" content=\"article\" \/>\n<meta property=\"og:title\" content=\"Contact Us | Tojo | Proizvodnja i prodaja okova | Se\u010denje plo\u010dastih materijala\" \/>\n<meta property=\"og:description\" content=\"[vc_row][vc_column][vc_text_separator title=&#8221;Contact us&#8221;][\/vc_column][\/vc_row][vc_row][vc_column width=&#8221;1\/2&#8243;][vc_column_text] More information about our selling locations on this page Contact us by phone +381648747215\u00a0or via e-mail office@tojo.rs [\/vc_column_text][vc_single_image image=&#8221;540&#8243; img_size=&#8221;full&#8221;][\/vc_column][vc_column width=&#8221;1\/2&#8243;][\/vc_column][\/vc_row]\" \/>\n<meta property=\"og:url\" content=\"https:\/\/www.tojo.rs\/en\/contactus\/\" \/>\n<meta property=\"og:site_name\" content=\"Tojo | Proizvodnja i prodaja okova | Se\u010denje plo\u010dastih materijala\" \/>\n<meta property=\"article:publisher\" content=\"https:\/\/www.facebook.com\/tojocentar\/\" \/>\n<meta property=\"article:modified_time\" content=\"2018-09-24T13:47:40+00:00\" \/>\n<meta property=\"og:image\" content=\"https:\/\/tojo.rs\/wp-content\/uploads\/2016\/10\/cropped-TOJO-logo.png\" \/>\n\t<meta property=\"og:image:width\" content=\"512\" \/>\n\t<meta property=\"og:image:height\" content=\"512\" \/>\n\t<meta property=\"og:image:type\" content=\"image\/png\" \/>\n<meta name=\"twitter:card\" content=\"summary_large_image\" \/>\n<script type=\"application\/ld+json\" class=\"yoast-schema-graph\">{\"@context\":\"https:\/\/schema.org\",\"@graph\":[{\"@type\":\"Organization\",\"@id\":\"https:\/\/www.tojo.rs\/#organization\",\"name\":\"Tojo | Proizvodnja i prodaja okova | Se\u010denje plo\u010dastih materijala\",\"url\":\"https:\/\/www.tojo.rs\/\",\"sameAs\":[\"https:\/\/www.facebook.com\/tojocentar\/\",\"https:\/\/www.instagram.com\/tojo_centar_pozega\/\"],\"logo\":{\"@type\":\"ImageObject\",\"inLanguage\":\"en-US\",\"@id\":\"https:\/\/www.tojo.rs\/#\/schema\/logo\/image\/\",\"url\":\"https:\/\/tojo.rs\/wp-content\/uploads\/2016\/10\/Tojo-KOLOR-logo.jpg\",\"contentUrl\":\"https:\/\/tojo.rs\/wp-content\/uploads\/2016\/10\/Tojo-KOLOR-logo.jpg\",\"width\":964,\"height\":277,\"caption\":\"Tojo | Proizvodnja i prodaja okova | Se\u010denje plo\u010dastih materijala\"},\"image\":{\"@id\":\"https:\/\/www.tojo.rs\/#\/schema\/logo\/image\/\"}},{\"@type\":\"WebSite\",\"@id\":\"https:\/\/www.tojo.rs\/#website\",\"url\":\"https:\/\/www.tojo.rs\/\",\"name\":\"Tojo | Proizvodnja i prodaja okova | Se\u010denje plo\u010dastih materijala\",\"description\":\"okovi za name\u0161taj iverica gvo\u017e\u0111ara homemarket maloprodaja u\u017eice po\u017eega prijepolje slovenija elektro alat bazeni kupatilo \",\"publisher\":{\"@id\":\"https:\/\/www.tojo.rs\/#organization\"},\"potentialAction\":[{\"@type\":\"SearchAction\",\"target\":{\"@type\":\"EntryPoint\",\"urlTemplate\":\"https:\/\/www.tojo.rs\/?s={search_term_string}\"},\"query-input\":\"required name=search_term_string\"}],\"inLanguage\":\"en-US\"},{\"@type\":\"WebPage\",\"@id\":\"https:\/\/www.tojo.rs\/en\/contactus\/#webpage\",\"url\":\"https:\/\/www.tojo.rs\/en\/contactus\/\",\"name\":\"Contact Us | Tojo | Proizvodnja i prodaja okova | Se\u010denje plo\u010dastih materijala\",\"isPartOf\":{\"@id\":\"https:\/\/www.tojo.rs\/#website\"},\"datePublished\":\"2016-10-06T15:04:11+00:00\",\"dateModified\":\"2018-09-24T13:47:40+00:00\",\"breadcrumb\":{\"@id\":\"https:\/\/www.tojo.rs\/en\/contactus\/#breadcrumb\"},\"inLanguage\":\"en-US\",\"potentialAction\":[{\"@type\":\"ReadAction\",\"target\":[\"https:\/\/www.tojo.rs\/en\/contactus\/\"]}]},{\"@type\":\"BreadcrumbList\",\"@id\":\"https:\/\/www.tojo.rs\/en\/contactus\/#breadcrumb\",\"itemListElement\":[{\"@type\":\"ListItem\",\"position\":1,\"name\":\"Home\",\"item\":\"https:\/\/www.tojo.rs\/en\/\"},{\"@type\":\"ListItem\",\"position\":2,\"name\":\"Contact Us\"}]}]}<\/script>\n<!-- \/ Yoast SEO plugin. -->","yoast_head_json":{"title":"Contact Us | Tojo | Proizvodnja i prodaja okova | Se\u010denje plo\u010dastih materijala","robots":{"index":"index","follow":"follow","max-snippet":"max-snippet:-1","max-image-preview":"max-image-preview:large","max-video-preview":"max-video-preview:-1"},"canonical":"https:\/\/www.tojo.rs\/en\/contactus\/","og_locale":"en_US","og_type":"article","og_title":"Contact Us | Tojo | Proizvodnja i prodaja okova | Se\u010denje plo\u010dastih materijala","og_description":"[vc_row][vc_column][vc_text_separator title=&#8221;Contact us&#8221;][\/vc_column][\/vc_row][vc_row][vc_column width=&#8221;1\/2&#8243;][vc_column_text] More information about our selling locations on this page Contact us by phone +381648747215\u00a0or via e-mail office@tojo.rs [\/vc_column_text][vc_single_image image=&#8221;540&#8243; img_size=&#8221;full&#8221;][\/vc_column][vc_column width=&#8221;1\/2&#8243;][\/vc_column][\/vc_row]","og_url":"https:\/\/www.tojo.rs\/en\/contactus\/","og_site_name":"Tojo | Proizvodnja i prodaja okova | Se\u010denje plo\u010dastih materijala","article_publisher":"https:\/\/www.facebook.com\/tojocentar\/","article_modified_time":"2018-09-24T13:47:40+00:00","og_image":[{"width":512,"height":512,"url":"https:\/\/tojo.rs\/wp-content\/uploads\/2016\/10\/cropped-TOJO-logo.png","type":"image\/png"}],"twitter_card":"summary_large_image","schema":{"@context":"https:\/\/schema.org","@graph":[{"@type":"Organization","@id":"https:\/\/www.tojo.rs\/#organization","name":"Tojo | Proizvodnja i prodaja okova | Se\u010denje plo\u010dastih materijala","url":"https:\/\/www.tojo.rs\/","sameAs":["https:\/\/www.facebook.com\/tojocentar\/","https:\/\/www.instagram.com\/tojo_centar_pozega\/"],"logo":{"@type":"ImageObject","inLanguage":"en-US","@id":"https:\/\/www.tojo.rs\/#\/schema\/logo\/image\/","url":"https:\/\/tojo.rs\/wp-content\/uploads\/2016\/10\/Tojo-KOLOR-logo.jpg","contentUrl":"https:\/\/tojo.rs\/wp-content\/uploads\/2016\/10\/Tojo-KOLOR-logo.jpg","width":964,"height":277,"caption":"Tojo | Proizvodnja i prodaja okova | Se\u010denje plo\u010dastih materijala"},"image":{"@id":"https:\/\/www.tojo.rs\/#\/schema\/logo\/image\/"}},{"@type":"WebSite","@id":"https:\/\/www.tojo.rs\/#website","url":"https:\/\/www.tojo.rs\/","name":"Tojo | Proizvodnja i prodaja okova | Se\u010denje plo\u010dastih materijala","description":"okovi za name\u0161taj iverica gvo\u017e\u0111ara homemarket maloprodaja u\u017eice po\u017eega prijepolje slovenija elektro alat bazeni kupatilo ","publisher":{"@id":"https:\/\/www.tojo.rs\/#organization"},"potentialAction":[{"@type":"SearchAction","target":{"@type":"EntryPoint","urlTemplate":"https:\/\/www.tojo.rs\/?s={search_term_string}"},"query-input":"required name=search_term_string"}],"inLanguage":"en-US"},{"@type":"WebPage","@id":"https:\/\/www.tojo.rs\/en\/contactus\/#webpage","url":"https:\/\/www.tojo.rs\/en\/contactus\/","name":"Contact Us | Tojo | Proizvodnja i prodaja okova | Se\u010denje plo\u010dastih materijala","isPartOf":{"@id":"https:\/\/www.tojo.rs\/#website"},"datePublished":"2016-10-06T15:04:11+00:00","dateModified":"2018-09-24T13:47:40+00:00","breadcrumb":{"@id":"https:\/\/www.tojo.rs\/en\/contactus\/#breadcrumb"},"inLanguage":"en-US","potentialAction":[{"@type":"ReadAction","target":["https:\/\/www.tojo.rs\/en\/contactus\/"]}]},{"@type":"BreadcrumbList","@id":"https:\/\/www.tojo.rs\/en\/contactus\/#breadcrumb","itemListElement":[{"@type":"ListItem","position":1,"name":"Home","item":"https:\/\/www.tojo.rs\/en\/"},{"@type":"ListItem","position":2,"name":"Contact Us"}]}]}},"_links":{"self":[{"href":"https:\/\/www.tojo.rs\/en\/wp-json\/wp\/v2\/pages\/463"}],"collection":[{"href":"https:\/\/www.tojo.rs\/en\/wp-json\/wp\/v2\/pages"}],"about":[{"href":"https:\/\/www.tojo.rs\/en\/wp-json\/wp\/v2\/types\/page"}],"author":[{"embeddable":true,"href":"https:\/\/www.tojo.rs\/en\/wp-json\/wp\/v2\/users\/1"}],"replies":[{"embeddable":true,"href":"https:\/\/www.tojo.rs\/en\/wp-json\/wp\/v2\/comments?post=463"}],"version-history":[{"count":11,"href":"https:\/\/www.tojo.rs\/en\/wp-json\/wp\/v2\/pages\/463\/revisions"}],"predecessor-version":[{"id":5686,"href":"https:\/\/www.tojo.rs\/en\/wp-json\/wp\/v2\/pages\/463\/revisions\/5686"}],"wp:attachment":[{"href":"https:\/\/www.tojo.rs\/en\/wp-json\/wp\/v2\/media?parent=463"}],"curies":[{"name":"wp","href":"https:\/\/api.w.org\/{rel}","templated":true}]}}