{"id":459,"date":"2016-10-06T15:03:24","date_gmt":"2016-10-06T15:03:24","guid":{"rendered":"http:\/\/tojo.vladimirvukajlovic.com\/?page_id=459"},"modified":"2016-11-17T22:10:50","modified_gmt":"2016-11-17T22:10:50","slug":"locations","status":"publish","type":"page","link":"https:\/\/www.tojo.rs\/en\/locations\/","title":{"rendered":"Selling Locations"},"content":{"rendered":"<p>[vc_row][vc_column][vc_text_separator title=&#8221;Selling locations&#8221;][\/vc_column][\/vc_row][vc_row][vc_column][vc_tta_tabs][vc_tta_section i_position=&#8221;right&#8221; i_icon_fontawesome=&#8221;fa fa-location-arrow&#8221; title=&#8221;Serbia&#8221; tab_id=&#8221;1475962182312-27046755-1ceb&#8221; add_icon=&#8221;true&#8221;][vc_text_separator title=&#8221;RETAIL TRADE&#8221;][vc_row_inner][vc_column_inner width=&#8221;1\/3&#8243;][vc_text_separator title=&#8221;Po\u017eega&#8221; title_align=&#8221;separator_align_left&#8221;][vc_column_text]Address: Knjaza Milo\u0161a 57, Po\u017eega, Serbia<\/p>\n<p>Telephone: +38131825033[\/vc_column_text][vc_gmaps link=&#8221;#E-8_JTNDaWZyYW1lJTIwc3JjJTNEJTIyaHR0cHMlM0ElMkYlMkZ3d3cuZ29vZ2xlLmNvbSUyRm1hcHMlMkZlbWJlZCUzRnBiJTNEJTIxMW0xOCUyMTFtMTIlMjExbTMlMjExZDIzMDE5LjMxNDQwMDYwNDE1JTIxMmQyMC4wMjQwMzY3MzY4NjcwMSUyMTNkNDMuODQ3MjQwODc5MTE1MTYlMjEybTMlMjExZjAlMjEyZjAlMjEzZjAlMjEzbTIlMjExaTEwMjQlMjEyaTc2OCUyMTRmMTMuMSUyMTNtMyUyMTFtMiUyMTFzMHg0NzU3N2YxZTYzZGQ2ODY1JTI1M0EweDcyN2ExNmY3ZjZiMzhhY2IlMjEyc1Rvam8lMkJtYWxvcHJvZGFqYSUyMTVlMCUyMTNtMiUyMTFzZW4lMjEyc3JzJTIxNHYxNDc2NDU5NzAzNjQ3JTIyJTIwd2lkdGglM0QlMjI2MDAlMjIlMjBoZWlnaHQlM0QlMjI0NTAlMjIlMjBmcmFtZWJvcmRlciUzRCUyMjAlMjIlMjBzdHlsZSUzRCUyMmJvcmRlciUzQTAlMjIlMjBhbGxvd2Z1bGxzY3JlZW4lM0UlM0MlMkZpZnJhbWUlM0U=&#8221; size=&#8221;300&#8243;][\/vc_column_inner][vc_column_inner width=&#8221;1\/3&#8243;][vc_text_separator title=&#8221;U\u017eice&#8221; title_align=&#8221;separator_align_left&#8221;][vc_column_text]Address:\u00a0U\u017ei\u010dke republike 3, U\u017eice, Serbia<\/p>\n<p>Telephone: +38131525472[\/vc_column_text][vc_gmaps link=&#8221;#E-8_JTNDaWZyYW1lJTIwc3JjJTNEJTIyaHR0cHMlM0ElMkYlMkZ3d3cuZ29vZ2xlLmNvbSUyRm1hcHMlMkZlbWJlZCUzRnBiJTNEJTIxMW0xOCUyMTFtMTIlMjExbTMlMjExZDIzMDE2LjA5NTYwMjk5MDI3NyUyMTJkMTkuODE5NzY0NTM4ODI1OTYlMjEzZDQzLjg1NTU4MDk3OTExNDgyNiUyMTJtMyUyMTFmMCUyMTJmMCUyMTNmMCUyMTNtMiUyMTFpMTAyNCUyMTJpNzY4JTIxNGYxMy4xJTIxM20zJTIxMW0yJTIxMXMweDAlMjUzQTB4NGQ4ZTYyMTBkYzY2YWRhZSUyMTJzVG9qbyUyQlUlMjVDNSUyNUJFaWNlJTIxNWUwJTIxM20yJTIxMXNzciUyMTJzJTIxNHYxNDc5NDIwMzA3NDM1JTIyJTIwd2lkdGglM0QlMjI2MDAlMjIlMjBoZWlnaHQlM0QlMjI0NTAlMjIlMjBmcmFtZWJvcmRlciUzRCUyMjAlMjIlMjBzdHlsZSUzRCUyMmJvcmRlciUzQTAlMjIlMjBhbGxvd2Z1bGxzY3JlZW4lM0UlM0MlMkZpZnJhbWUlM0U=&#8221; size=&#8221;300&#8243;][\/vc_column_inner][vc_column_inner width=&#8221;1\/3&#8243;][vc_text_separator title=&#8221;Prijepolje&#8221; title_align=&#8221;separator_align_left&#8221;][vc_column_text]Address: Sarajevska 3, Prijepolje, Serbia<\/p>\n<p>Telephone: +38133713272[\/vc_column_text][vc_gmaps link=&#8221;#E-8_JTNDaWZyYW1lJTIwc3JjJTNEJTIyaHR0cHMlM0ElMkYlMkZ3d3cuZ29vZ2xlLmNvbSUyRm1hcHMlMkZlbWJlZCUzRnBiJTNEJTIxMW0xOCUyMTFtMTIlMjExbTMlMjExZDIzMTk1LjE2MzM1OTE3MDc3MiUyMTJkMTkuNjI5MTg2NTM4ODEwOTIlMjEzZDQzLjM4OTY2Mzk3OTEzMTM1JTIxMm0zJTIxMWYwJTIxMmYwJTIxM2YwJTIxM20yJTIxMWkxMDI0JTIxMmk3NjglMjE0ZjEzLjElMjEzbTMlMjExbTIlMjExczB4MCUyNTNBMHhkZTAxNmMwZTMxNWRmMmVjJTIxMnNUb2pvJTJCUHJpamVwb2xqZSUyMTVlMCUyMTNtMiUyMTFzZW4lMjEycyUyMTR2MTQ3OTQyMDI3Mzg5MSUyMiUyMHdpZHRoJTNEJTIyNjAwJTIyJTIwaGVpZ2h0JTNEJTIyNDUwJTIyJTIwZnJhbWVib3JkZXIlM0QlMjIwJTIyJTIwc3R5bGUlM0QlMjJib3JkZXIlM0EwJTIyJTIwYWxsb3dmdWxsc2NyZWVuJTNFJTNDJTJGaWZyYW1lJTNF&#8221; size=&#8221;300&#8243;][\/vc_column_inner][\/vc_row_inner][vc_text_separator title=&#8221;WHOLESALE&#8221;][vc_row_inner][vc_column_inner width=&#8221;1\/2&#8243;][vc_text_separator title=&#8221;Po\u017eega&#8221; title_align=&#8221;separator_align_left&#8221;][vc_column_text]Address: Bakioni\u010dka bb, Po\u017eega, Serbia<\/p>\n<p>Telephone: +38131713306<\/p>\n<p>Ivan Nikoli\u0107<\/p>\n<p>mail:\u00a0ivan.nikolic@tojo.rs<\/p>\n<p>Dejan Stamatovi\u0107<\/p>\n<p>mail:\u00a0dejan.stamatovic@tojo.rs[\/vc_column_text][\/vc_column_inner][vc_column_inner width=&#8221;1\/2&#8243;][vc_gmaps link=&#8221;#E-8_JTNDaWZyYW1lJTIwc3JjJTNEJTIyaHR0cHMlM0ElMkYlMkZ3d3cuZ29vZ2xlLmNvbSUyRm1hcHMlMkZlbWJlZCUzRnBiJTNEJTIxMW0xOCUyMTFtMTIlMjExbTMlMjExZDIzMDE0LjUwNzk2NTQzNTg1JTIxMmQyMC4wMzAyODk1MzY4Njc1NDYlMjEzZDQzLjg1OTY5NDE3OTExNDc3NiUyMTJtMyUyMTFmMCUyMTJmMCUyMTNmMCUyMTNtMiUyMTFpMTAyNCUyMTJpNzY4JTIxNGYxMy4xJTIxM20zJTIxMW0yJTIxMXMweDQ3NTc3ZWVmMjFmNjVmNzElMjUzQTB4OWIxZjcyODM4YjIxYzljYyUyMTJzVG9qbyUyMTVlMCUyMTNtMiUyMTFzZW4lMjEyc3JzJTIxNHYxNDc2NDU5NzQzMDY2JTIyJTIwd2lkdGglM0QlMjI2MDAlMjIlMjBoZWlnaHQlM0QlMjI0NTAlMjIlMjBmcmFtZWJvcmRlciUzRCUyMjAlMjIlMjBzdHlsZSUzRCUyMmJvcmRlciUzQTAlMjIlMjBhbGxvd2Z1bGxzY3JlZW4lM0UlM0MlMkZpZnJhbWUlM0U=&#8221; size=&#8221;300&#8243;][\/vc_column_inner][\/vc_row_inner][\/vc_tta_section][vc_tta_section i_position=&#8221;right&#8221; i_icon_fontawesome=&#8221;fa fa-location-arrow&#8221; title=&#8221;Slovenia&#8221; tab_id=&#8221;1475962182426-c53ccb28-5804&#8243; add_icon=&#8221;true&#8221;][vc_text_separator title=&#8221;Retail trade&#8221;][vc_row_inner][vc_column_inner width=&#8221;1\/2&#8243;][vc_text_separator title=&#8221;Ljubljana&#8221; title_align=&#8221;separator_align_left&#8221;][vc_column_text]Address: Cesta 24. Junija 23, Ljubljana, Slovenia<\/p>\n<p>Telephone: +386 (0) 59 079 720<\/p>\n<p>Mobile: +386 (0) 41 417 186<\/p>\n<p>e-mail:\u00a0info@tojo.si[\/vc_column_text][\/vc_column_inner][vc_column_inner width=&#8221;1\/2&#8243;][vc_gmaps link=&#8221;#E-8_JTNDaWZyYW1lJTIwc3JjJTNEJTIyaHR0cHMlM0ElMkYlMkZ3d3cuZ29vZ2xlLmNvbSUyRm1hcHMlMkZlbWJlZCUzRnBiJTNEJTIxMW0xNCUyMTFtOCUyMTFtMyUyMTFkODg1MzUuMDMyNTU4MzQyNjklMjEyZDE0LjQ2MjExNTUyODUyMTM0NSUyMTNkNDYuMDk2NTYzJTIxM20yJTIxMWkxMDI0JTIxMmk3NjglMjE0ZjEzLjElMjEzbTMlMjExbTIlMjExczB4NDc2NTMzMTk3YjA4MmI0OSUyNTNBMHhiYTMzMTQ3ZTU2YTQwNjFiJTIxMnpRMlZ6ZEdFZ01qUXVJR3AxYm1scVlTQXlNeXdnTVRJek1TQk1hblZpYkdwaGJtRWdMU0RFakhKdWRjU05aU3dnMEtIUXU5Qy0wTExRdGRDOTBMalJtTkN3JTIxNWUwJTIxM20yJTIxMXNzciUyMTJzcnMlMjE0djE0NzU5NjYxMDQzNjIlMjIlMjB3aWR0aCUzRCUyMjYwMCUyMiUyMGhlaWdodCUzRCUyMjQ1MCUyMiUyMGZyYW1lYm9yZGVyJTNEJTIyMCUyMiUyMHN0eWxlJTNEJTIyYm9yZGVyJTNBMCUyMiUyMGFsbG93ZnVsbHNjcmVlbiUzRSUzQyUyRmlmcmFtZSUzRQ==&#8221; size=&#8221;300&#8243;][\/vc_column_inner][\/vc_row_inner][\/vc_tta_section][\/vc_tta_tabs][\/vc_column][\/vc_row]<\/p>\n","protected":false},"excerpt":{"rendered":"<p>[vc_row][vc_column][vc_text_separator title=&#8221;Selling locations&#8221;][\/vc_column][\/vc_row][vc_row][vc_column][vc_tta_tabs][vc_tta_section i_position=&#8221;right&#8221; i_icon_fontawesome=&#8221;fa fa-location-arrow&#8221; title=&#8221;Serbia&#8221; tab_id=&#8221;1475962182312-27046755-1ceb&#8221; add_icon=&#8221;true&#8221;][vc_text_separator title=&#8221;RETAIL TRADE&#8221;][vc_row_inner][vc_column_inner width=&#8221;1\/3&#8243;][vc_text_separator title=&#8221;Po\u017eega&#8221; title_align=&#8221;separator_align_left&#8221;][vc_column_text]Address: Knjaza Milo\u0161a 57, Po\u017eega, Serbia Telephone: +38131825033[\/vc_column_text][vc_gmaps link=&#8221;#E-8_JTNDaWZyYW1lJTIwc3JjJTNEJTIyaHR0cHMlM0ElMkYlMkZ3d3cuZ29vZ2xlLmNvbSUyRm1hcHMlMkZlbWJlZCUzRnBiJTNEJTIxMW0xOCUyMTFtMTIlMjExbTMlMjExZDIzMDE5LjMxNDQwMDYwNDE1JTIxMmQyMC4wMjQwMzY3MzY4NjcwMSUyMTNkNDMuODQ3MjQwODc5MTE1MTYlMjEybTMlMjExZjAlMjEyZjAlMjEzZjAlMjEzbTIlMjExaTEwMjQlMjEyaTc2OCUyMTRmMTMuMSUyMTNtMyUyMTFtMiUyMTFzMHg0NzU3N2YxZTYzZGQ2ODY1JTI1M0EweDcyN2ExNmY3ZjZiMzhhY2IlMjEyc1Rvam8lMkJtYWxvcHJvZGFqYSUyMTVlMCUyMTNtMiUyMTFzZW4lMjEyc3JzJTIxNHYxNDc2NDU5NzAzNjQ3JTIyJTIwd2lkdGglM0QlMjI2MDAlMjIlMjBoZWlnaHQlM0QlMjI0NTAlMjIlMjBmcmFtZWJvcmRlciUzRCUyMjAlMjIlMjBzdHlsZSUzRCUyMmJvcmRlciUzQTAlMjIlMjBhbGxvd2Z1bGxzY3JlZW4lM0UlM0MlMkZpZnJhbWUlM0U=&#8221; size=&#8221;300&#8243;][\/vc_column_inner][vc_column_inner width=&#8221;1\/3&#8243;][vc_text_separator title=&#8221;U\u017eice&#8221; title_align=&#8221;separator_align_left&#8221;][vc_column_text]Address:\u00a0U\u017ei\u010dke republike 3, U\u017eice, Serbia Telephone: +38131525472[\/vc_column_text][vc_gmaps link=&#8221;#E-8_JTNDaWZyYW1lJTIwc3JjJTNEJTIyaHR0cHMlM0ElMkYlMkZ3d3cuZ29vZ2xlLmNvbSUyRm1hcHMlMkZlbWJlZCUzRnBiJTNEJTIxMW0xOCUyMTFtMTIlMjExbTMlMjExZDIzMDE2LjA5NTYwMjk5MDI3NyUyMTJkMTkuODE5NzY0NTM4ODI1OTYlMjEzZDQzLjg1NTU4MDk3OTExNDgyNiUyMTJtMyUyMTFmMCUyMTJmMCUyMTNmMCUyMTNtMiUyMTFpMTAyNCUyMTJpNzY4JTIxNGYxMy4xJTIxM20zJTIxMW0yJTIxMXMweDAlMjUzQTB4NGQ4ZTYyMTBkYzY2YWRhZSUyMTJzVG9qbyUyQlUlMjVDNSUyNUJFaWNlJTIxNWUwJTIxM20yJTIxMXNzciUyMTJzJTIxNHYxNDc5NDIwMzA3NDM1JTIyJTIwd2lkdGglM0QlMjI2MDAlMjIlMjBoZWlnaHQlM0QlMjI0NTAlMjIlMjBmcmFtZWJvcmRlciUzRCUyMjAlMjIlMjBzdHlsZSUzRCUyMmJvcmRlciUzQTAlMjIlMjBhbGxvd2Z1bGxzY3JlZW4lM0UlM0MlMkZpZnJhbWUlM0U=&#8221; size=&#8221;300&#8243;][\/vc_column_inner][vc_column_inner width=&#8221;1\/3&#8243;][vc_text_separator title=&#8221;Prijepolje&#8221; title_align=&#8221;separator_align_left&#8221;][vc_column_text]Address: Sarajevska 3, Prijepolje, Serbia Telephone: +38133713272[\/vc_column_text][vc_gmaps link=&#8221;#E-8_JTNDaWZyYW1lJTIwc3JjJTNEJTIyaHR0cHMlM0ElMkYlMkZ3d3cuZ29vZ2xlLmNvbSUyRm1hcHMlMkZlbWJlZCUzRnBiJTNEJTIxMW0xOCUyMTFtMTIlMjExbTMlMjExZDIzMTk1LjE2MzM1OTE3MDc3MiUyMTJkMTkuNjI5MTg2NTM4ODEwOTIlMjEzZDQzLjM4OTY2Mzk3OTEzMTM1JTIxMm0zJTIxMWYwJTIxMmYwJTIxM2YwJTIxM20yJTIxMWkxMDI0JTIxMmk3NjglMjE0ZjEzLjElMjEzbTMlMjExbTIlMjExczB4MCUyNTNBMHhkZTAxNmMwZTMxNWRmMmVjJTIxMnNUb2pvJTJCUHJpamVwb2xqZSUyMTVlMCUyMTNtMiUyMTFzZW4lMjEycyUyMTR2MTQ3OTQyMDI3Mzg5MSUyMiUyMHdpZHRoJTNEJTIyNjAwJTIyJTIwaGVpZ2h0JTNEJTIyNDUwJTIyJTIwZnJhbWVib3JkZXIlM0QlMjIwJTIyJTIwc3R5bGUlM0QlMjJib3JkZXIlM0EwJTIyJTIwYWxsb3dmdWxsc2NyZWVuJTNFJTNDJTJGaWZyYW1lJTNF&#8221; size=&#8221;300&#8243;][\/vc_column_inner][\/vc_row_inner][vc_text_separator title=&#8221;WHOLESALE&#8221;][vc_row_inner][vc_column_inner width=&#8221;1\/2&#8243;][vc_text_separator title=&#8221;Po\u017eega&#8221; title_align=&#8221;separator_align_left&#8221;][vc_column_text]Address: Bakioni\u010dka bb, Po\u017eega, Serbia Telephone: +38131713306 [&hellip;]<\/p>\n","protected":false},"author":1,"featured_media":0,"parent":0,"menu_order":0,"comment_status":"closed","ping_status":"closed","template":"template-front.php","meta":[],"yoast_head":"<!-- This site is optimized with the Yoast SEO plugin v18.8 - https:\/\/yoast.com\/wordpress\/plugins\/seo\/ -->\n<title>Selling Locations | Tojo | Proizvodnja i prodaja okova | Se\u010denje plo\u010dastih materijala<\/title>\n<meta name=\"robots\" content=\"index, follow, max-snippet:-1, max-image-preview:large, max-video-preview:-1\" \/>\n<link rel=\"canonical\" href=\"https:\/\/www.tojo.rs\/en\/locations\/\" \/>\n<meta property=\"og:locale\" content=\"en_US\" \/>\n<meta property=\"og:type\" content=\"article\" \/>\n<meta property=\"og:title\" content=\"Selling Locations | Tojo | Proizvodnja i prodaja okova | Se\u010denje plo\u010dastih materijala\" \/>\n<meta property=\"og:description\" content=\"[vc_row][vc_column][vc_text_separator title=&#8221;Selling locations&#8221;][\/vc_column][\/vc_row][vc_row][vc_column][vc_tta_tabs][vc_tta_section i_position=&#8221;right&#8221; i_icon_fontawesome=&#8221;fa fa-location-arrow&#8221; title=&#8221;Serbia&#8221; tab_id=&#8221;1475962182312-27046755-1ceb&#8221; add_icon=&#8221;true&#8221;][vc_text_separator title=&#8221;RETAIL TRADE&#8221;][vc_row_inner][vc_column_inner width=&#8221;1\/3&#8243;][vc_text_separator title=&#8221;Po\u017eega&#8221; title_align=&#8221;separator_align_left&#8221;][vc_column_text]Address: Knjaza Milo\u0161a 57, Po\u017eega, Serbia Telephone: +38131825033[\/vc_column_text][vc_gmaps link=&#8221;#E-8_JTNDaWZyYW1lJTIwc3JjJTNEJTIyaHR0cHMlM0ElMkYlMkZ3d3cuZ29vZ2xlLmNvbSUyRm1hcHMlMkZlbWJlZCUzRnBiJTNEJTIxMW0xOCUyMTFtMTIlMjExbTMlMjExZDIzMDE5LjMxNDQwMDYwNDE1JTIxMmQyMC4wMjQwMzY3MzY4NjcwMSUyMTNkNDMuODQ3MjQwODc5MTE1MTYlMjEybTMlMjExZjAlMjEyZjAlMjEzZjAlMjEzbTIlMjExaTEwMjQlMjEyaTc2OCUyMTRmMTMuMSUyMTNtMyUyMTFtMiUyMTFzMHg0NzU3N2YxZTYzZGQ2ODY1JTI1M0EweDcyN2ExNmY3ZjZiMzhhY2IlMjEyc1Rvam8lMkJtYWxvcHJvZGFqYSUyMTVlMCUyMTNtMiUyMTFzZW4lMjEyc3JzJTIxNHYxNDc2NDU5NzAzNjQ3JTIyJTIwd2lkdGglM0QlMjI2MDAlMjIlMjBoZWlnaHQlM0QlMjI0NTAlMjIlMjBmcmFtZWJvcmRlciUzRCUyMjAlMjIlMjBzdHlsZSUzRCUyMmJvcmRlciUzQTAlMjIlMjBhbGxvd2Z1bGxzY3JlZW4lM0UlM0MlMkZpZnJhbWUlM0U=&#8221; size=&#8221;300&#8243;][\/vc_column_inner][vc_column_inner width=&#8221;1\/3&#8243;][vc_text_separator title=&#8221;U\u017eice&#8221; title_align=&#8221;separator_align_left&#8221;][vc_column_text]Address:\u00a0U\u017ei\u010dke republike 3, U\u017eice, Serbia Telephone: +38131525472[\/vc_column_text][vc_gmaps link=&#8221;#E-8_JTNDaWZyYW1lJTIwc3JjJTNEJTIyaHR0cHMlM0ElMkYlMkZ3d3cuZ29vZ2xlLmNvbSUyRm1hcHMlMkZlbWJlZCUzRnBiJTNEJTIxMW0xOCUyMTFtMTIlMjExbTMlMjExZDIzMDE2LjA5NTYwMjk5MDI3NyUyMTJkMTkuODE5NzY0NTM4ODI1OTYlMjEzZDQzLjg1NTU4MDk3OTExNDgyNiUyMTJtMyUyMTFmMCUyMTJmMCUyMTNmMCUyMTNtMiUyMTFpMTAyNCUyMTJpNzY4JTIxNGYxMy4xJTIxM20zJTIxMW0yJTIxMXMweDAlMjUzQTB4NGQ4ZTYyMTBkYzY2YWRhZSUyMTJzVG9qbyUyQlUlMjVDNSUyNUJFaWNlJTIxNWUwJTIxM20yJTIxMXNzciUyMTJzJTIxNHYxNDc5NDIwMzA3NDM1JTIyJTIwd2lkdGglM0QlMjI2MDAlMjIlMjBoZWlnaHQlM0QlMjI0NTAlMjIlMjBmcmFtZWJvcmRlciUzRCUyMjAlMjIlMjBzdHlsZSUzRCUyMmJvcmRlciUzQTAlMjIlMjBhbGxvd2Z1bGxzY3JlZW4lM0UlM0MlMkZpZnJhbWUlM0U=&#8221; size=&#8221;300&#8243;][\/vc_column_inner][vc_column_inner width=&#8221;1\/3&#8243;][vc_text_separator title=&#8221;Prijepolje&#8221; title_align=&#8221;separator_align_left&#8221;][vc_column_text]Address: Sarajevska 3, Prijepolje, Serbia Telephone: +38133713272[\/vc_column_text][vc_gmaps link=&#8221;#E-8_JTNDaWZyYW1lJTIwc3JjJTNEJTIyaHR0cHMlM0ElMkYlMkZ3d3cuZ29vZ2xlLmNvbSUyRm1hcHMlMkZlbWJlZCUzRnBiJTNEJTIxMW0xOCUyMTFtMTIlMjExbTMlMjExZDIzMTk1LjE2MzM1OTE3MDc3MiUyMTJkMTkuNjI5MTg2NTM4ODEwOTIlMjEzZDQzLjM4OTY2Mzk3OTEzMTM1JTIxMm0zJTIxMWYwJTIxMmYwJTIxM2YwJTIxM20yJTIxMWkxMDI0JTIxMmk3NjglMjE0ZjEzLjElMjEzbTMlMjExbTIlMjExczB4MCUyNTNBMHhkZTAxNmMwZTMxNWRmMmVjJTIxMnNUb2pvJTJCUHJpamVwb2xqZSUyMTVlMCUyMTNtMiUyMTFzZW4lMjEycyUyMTR2MTQ3OTQyMDI3Mzg5MSUyMiUyMHdpZHRoJTNEJTIyNjAwJTIyJTIwaGVpZ2h0JTNEJTIyNDUwJTIyJTIwZnJhbWVib3JkZXIlM0QlMjIwJTIyJTIwc3R5bGUlM0QlMjJib3JkZXIlM0EwJTIyJTIwYWxsb3dmdWxsc2NyZWVuJTNFJTNDJTJGaWZyYW1lJTNF&#8221; size=&#8221;300&#8243;][\/vc_column_inner][\/vc_row_inner][vc_text_separator title=&#8221;WHOLESALE&#8221;][vc_row_inner][vc_column_inner width=&#8221;1\/2&#8243;][vc_text_separator title=&#8221;Po\u017eega&#8221; title_align=&#8221;separator_align_left&#8221;][vc_column_text]Address: Bakioni\u010dka bb, Po\u017eega, Serbia Telephone: +38131713306 [&hellip;]\" \/>\n<meta property=\"og:url\" content=\"https:\/\/www.tojo.rs\/en\/locations\/\" \/>\n<meta property=\"og:site_name\" content=\"Tojo | Proizvodnja i prodaja okova | Se\u010denje plo\u010dastih materijala\" \/>\n<meta property=\"article:publisher\" content=\"https:\/\/www.facebook.com\/tojocentar\/\" \/>\n<meta property=\"article:modified_time\" content=\"2016-11-17T22:10:50+00:00\" \/>\n<meta property=\"og:image\" content=\"https:\/\/tojo.rs\/wp-content\/uploads\/2016\/10\/cropped-TOJO-logo.png\" \/>\n\t<meta property=\"og:image:width\" content=\"512\" \/>\n\t<meta property=\"og:image:height\" content=\"512\" \/>\n\t<meta property=\"og:image:type\" content=\"image\/png\" \/>\n<meta name=\"twitter:card\" content=\"summary_large_image\" \/>\n<meta name=\"twitter:label1\" content=\"Est. reading time\" \/>\n\t<meta name=\"twitter:data1\" content=\"3 minutes\" \/>\n<script type=\"application\/ld+json\" class=\"yoast-schema-graph\">{\"@context\":\"https:\/\/schema.org\",\"@graph\":[{\"@type\":\"Organization\",\"@id\":\"https:\/\/www.tojo.rs\/#organization\",\"name\":\"Tojo | Proizvodnja i prodaja okova | Se\u010denje plo\u010dastih materijala\",\"url\":\"https:\/\/www.tojo.rs\/\",\"sameAs\":[\"https:\/\/www.facebook.com\/tojocentar\/\",\"https:\/\/www.instagram.com\/tojo_centar_pozega\/\"],\"logo\":{\"@type\":\"ImageObject\",\"inLanguage\":\"en-US\",\"@id\":\"https:\/\/www.tojo.rs\/#\/schema\/logo\/image\/\",\"url\":\"https:\/\/tojo.rs\/wp-content\/uploads\/2016\/10\/Tojo-KOLOR-logo.jpg\",\"contentUrl\":\"https:\/\/tojo.rs\/wp-content\/uploads\/2016\/10\/Tojo-KOLOR-logo.jpg\",\"width\":964,\"height\":277,\"caption\":\"Tojo | Proizvodnja i prodaja okova | Se\u010denje plo\u010dastih materijala\"},\"image\":{\"@id\":\"https:\/\/www.tojo.rs\/#\/schema\/logo\/image\/\"}},{\"@type\":\"WebSite\",\"@id\":\"https:\/\/www.tojo.rs\/#website\",\"url\":\"https:\/\/www.tojo.rs\/\",\"name\":\"Tojo | Proizvodnja i prodaja okova | Se\u010denje plo\u010dastih materijala\",\"description\":\"okovi za name\u0161taj iverica gvo\u017e\u0111ara homemarket maloprodaja u\u017eice po\u017eega prijepolje slovenija elektro alat bazeni kupatilo \",\"publisher\":{\"@id\":\"https:\/\/www.tojo.rs\/#organization\"},\"potentialAction\":[{\"@type\":\"SearchAction\",\"target\":{\"@type\":\"EntryPoint\",\"urlTemplate\":\"https:\/\/www.tojo.rs\/?s={search_term_string}\"},\"query-input\":\"required name=search_term_string\"}],\"inLanguage\":\"en-US\"},{\"@type\":\"WebPage\",\"@id\":\"https:\/\/www.tojo.rs\/en\/locations\/#webpage\",\"url\":\"https:\/\/www.tojo.rs\/en\/locations\/\",\"name\":\"Selling Locations | Tojo | Proizvodnja i prodaja okova | Se\u010denje plo\u010dastih materijala\",\"isPartOf\":{\"@id\":\"https:\/\/www.tojo.rs\/#website\"},\"datePublished\":\"2016-10-06T15:03:24+00:00\",\"dateModified\":\"2016-11-17T22:10:50+00:00\",\"breadcrumb\":{\"@id\":\"https:\/\/www.tojo.rs\/en\/locations\/#breadcrumb\"},\"inLanguage\":\"en-US\",\"potentialAction\":[{\"@type\":\"ReadAction\",\"target\":[\"https:\/\/www.tojo.rs\/en\/locations\/\"]}]},{\"@type\":\"BreadcrumbList\",\"@id\":\"https:\/\/www.tojo.rs\/en\/locations\/#breadcrumb\",\"itemListElement\":[{\"@type\":\"ListItem\",\"position\":1,\"name\":\"Home\",\"item\":\"https:\/\/www.tojo.rs\/en\/\"},{\"@type\":\"ListItem\",\"position\":2,\"name\":\"Selling Locations\"}]}]}<\/script>\n<!-- \/ Yoast SEO plugin. -->","yoast_head_json":{"title":"Selling Locations | Tojo | Proizvodnja i prodaja okova | Se\u010denje plo\u010dastih materijala","robots":{"index":"index","follow":"follow","max-snippet":"max-snippet:-1","max-image-preview":"max-image-preview:large","max-video-preview":"max-video-preview:-1"},"canonical":"https:\/\/www.tojo.rs\/en\/locations\/","og_locale":"en_US","og_type":"article","og_title":"Selling Locations | Tojo | Proizvodnja i prodaja okova | Se\u010denje plo\u010dastih materijala","og_description":"[vc_row][vc_column][vc_text_separator title=&#8221;Selling locations&#8221;][\/vc_column][\/vc_row][vc_row][vc_column][vc_tta_tabs][vc_tta_section i_position=&#8221;right&#8221; i_icon_fontawesome=&#8221;fa fa-location-arrow&#8221; title=&#8221;Serbia&#8221; tab_id=&#8221;1475962182312-27046755-1ceb&#8221; add_icon=&#8221;true&#8221;][vc_text_separator title=&#8221;RETAIL TRADE&#8221;][vc_row_inner][vc_column_inner width=&#8221;1\/3&#8243;][vc_text_separator title=&#8221;Po\u017eega&#8221; title_align=&#8221;separator_align_left&#8221;][vc_column_text]Address: Knjaza Milo\u0161a 57, Po\u017eega, Serbia Telephone: +38131825033[\/vc_column_text][vc_gmaps link=&#8221;#E-8_JTNDaWZyYW1lJTIwc3JjJTNEJTIyaHR0cHMlM0ElMkYlMkZ3d3cuZ29vZ2xlLmNvbSUyRm1hcHMlMkZlbWJlZCUzRnBiJTNEJTIxMW0xOCUyMTFtMTIlMjExbTMlMjExZDIzMDE5LjMxNDQwMDYwNDE1JTIxMmQyMC4wMjQwMzY3MzY4NjcwMSUyMTNkNDMuODQ3MjQwODc5MTE1MTYlMjEybTMlMjExZjAlMjEyZjAlMjEzZjAlMjEzbTIlMjExaTEwMjQlMjEyaTc2OCUyMTRmMTMuMSUyMTNtMyUyMTFtMiUyMTFzMHg0NzU3N2YxZTYzZGQ2ODY1JTI1M0EweDcyN2ExNmY3ZjZiMzhhY2IlMjEyc1Rvam8lMkJtYWxvcHJvZGFqYSUyMTVlMCUyMTNtMiUyMTFzZW4lMjEyc3JzJTIxNHYxNDc2NDU5NzAzNjQ3JTIyJTIwd2lkdGglM0QlMjI2MDAlMjIlMjBoZWlnaHQlM0QlMjI0NTAlMjIlMjBmcmFtZWJvcmRlciUzRCUyMjAlMjIlMjBzdHlsZSUzRCUyMmJvcmRlciUzQTAlMjIlMjBhbGxvd2Z1bGxzY3JlZW4lM0UlM0MlMkZpZnJhbWUlM0U=&#8221; size=&#8221;300&#8243;][\/vc_column_inner][vc_column_inner width=&#8221;1\/3&#8243;][vc_text_separator title=&#8221;U\u017eice&#8221; title_align=&#8221;separator_align_left&#8221;][vc_column_text]Address:\u00a0U\u017ei\u010dke republike 3, U\u017eice, Serbia Telephone: +38131525472[\/vc_column_text][vc_gmaps link=&#8221;#E-8_JTNDaWZyYW1lJTIwc3JjJTNEJTIyaHR0cHMlM0ElMkYlMkZ3d3cuZ29vZ2xlLmNvbSUyRm1hcHMlMkZlbWJlZCUzRnBiJTNEJTIxMW0xOCUyMTFtMTIlMjExbTMlMjExZDIzMDE2LjA5NTYwMjk5MDI3NyUyMTJkMTkuODE5NzY0NTM4ODI1OTYlMjEzZDQzLjg1NTU4MDk3OTExNDgyNiUyMTJtMyUyMTFmMCUyMTJmMCUyMTNmMCUyMTNtMiUyMTFpMTAyNCUyMTJpNzY4JTIxNGYxMy4xJTIxM20zJTIxMW0yJTIxMXMweDAlMjUzQTB4NGQ4ZTYyMTBkYzY2YWRhZSUyMTJzVG9qbyUyQlUlMjVDNSUyNUJFaWNlJTIxNWUwJTIxM20yJTIxMXNzciUyMTJzJTIxNHYxNDc5NDIwMzA3NDM1JTIyJTIwd2lkdGglM0QlMjI2MDAlMjIlMjBoZWlnaHQlM0QlMjI0NTAlMjIlMjBmcmFtZWJvcmRlciUzRCUyMjAlMjIlMjBzdHlsZSUzRCUyMmJvcmRlciUzQTAlMjIlMjBhbGxvd2Z1bGxzY3JlZW4lM0UlM0MlMkZpZnJhbWUlM0U=&#8221; size=&#8221;300&#8243;][\/vc_column_inner][vc_column_inner width=&#8221;1\/3&#8243;][vc_text_separator title=&#8221;Prijepolje&#8221; title_align=&#8221;separator_align_left&#8221;][vc_column_text]Address: Sarajevska 3, Prijepolje, Serbia Telephone: +38133713272[\/vc_column_text][vc_gmaps link=&#8221;#E-8_JTNDaWZyYW1lJTIwc3JjJTNEJTIyaHR0cHMlM0ElMkYlMkZ3d3cuZ29vZ2xlLmNvbSUyRm1hcHMlMkZlbWJlZCUzRnBiJTNEJTIxMW0xOCUyMTFtMTIlMjExbTMlMjExZDIzMTk1LjE2MzM1OTE3MDc3MiUyMTJkMTkuNjI5MTg2NTM4ODEwOTIlMjEzZDQzLjM4OTY2Mzk3OTEzMTM1JTIxMm0zJTIxMWYwJTIxMmYwJTIxM2YwJTIxM20yJTIxMWkxMDI0JTIxMmk3NjglMjE0ZjEzLjElMjEzbTMlMjExbTIlMjExczB4MCUyNTNBMHhkZTAxNmMwZTMxNWRmMmVjJTIxMnNUb2pvJTJCUHJpamVwb2xqZSUyMTVlMCUyMTNtMiUyMTFzZW4lMjEycyUyMTR2MTQ3OTQyMDI3Mzg5MSUyMiUyMHdpZHRoJTNEJTIyNjAwJTIyJTIwaGVpZ2h0JTNEJTIyNDUwJTIyJTIwZnJhbWVib3JkZXIlM0QlMjIwJTIyJTIwc3R5bGUlM0QlMjJib3JkZXIlM0EwJTIyJTIwYWxsb3dmdWxsc2NyZWVuJTNFJTNDJTJGaWZyYW1lJTNF&#8221; size=&#8221;300&#8243;][\/vc_column_inner][\/vc_row_inner][vc_text_separator title=&#8221;WHOLESALE&#8221;][vc_row_inner][vc_column_inner width=&#8221;1\/2&#8243;][vc_text_separator title=&#8221;Po\u017eega&#8221; title_align=&#8221;separator_align_left&#8221;][vc_column_text]Address: Bakioni\u010dka bb, Po\u017eega, Serbia Telephone: +38131713306 [&hellip;]","og_url":"https:\/\/www.tojo.rs\/en\/locations\/","og_site_name":"Tojo | Proizvodnja i prodaja okova | Se\u010denje plo\u010dastih materijala","article_publisher":"https:\/\/www.facebook.com\/tojocentar\/","article_modified_time":"2016-11-17T22:10:50+00:00","og_image":[{"width":512,"height":512,"url":"https:\/\/tojo.rs\/wp-content\/uploads\/2016\/10\/cropped-TOJO-logo.png","type":"image\/png"}],"twitter_card":"summary_large_image","twitter_misc":{"Est. reading time":"3 minutes"},"schema":{"@context":"https:\/\/schema.org","@graph":[{"@type":"Organization","@id":"https:\/\/www.tojo.rs\/#organization","name":"Tojo | Proizvodnja i prodaja okova | Se\u010denje plo\u010dastih materijala","url":"https:\/\/www.tojo.rs\/","sameAs":["https:\/\/www.facebook.com\/tojocentar\/","https:\/\/www.instagram.com\/tojo_centar_pozega\/"],"logo":{"@type":"ImageObject","inLanguage":"en-US","@id":"https:\/\/www.tojo.rs\/#\/schema\/logo\/image\/","url":"https:\/\/tojo.rs\/wp-content\/uploads\/2016\/10\/Tojo-KOLOR-logo.jpg","contentUrl":"https:\/\/tojo.rs\/wp-content\/uploads\/2016\/10\/Tojo-KOLOR-logo.jpg","width":964,"height":277,"caption":"Tojo | Proizvodnja i prodaja okova | Se\u010denje plo\u010dastih materijala"},"image":{"@id":"https:\/\/www.tojo.rs\/#\/schema\/logo\/image\/"}},{"@type":"WebSite","@id":"https:\/\/www.tojo.rs\/#website","url":"https:\/\/www.tojo.rs\/","name":"Tojo | Proizvodnja i prodaja okova | Se\u010denje plo\u010dastih materijala","description":"okovi za name\u0161taj iverica gvo\u017e\u0111ara homemarket maloprodaja u\u017eice po\u017eega prijepolje slovenija elektro alat bazeni kupatilo ","publisher":{"@id":"https:\/\/www.tojo.rs\/#organization"},"potentialAction":[{"@type":"SearchAction","target":{"@type":"EntryPoint","urlTemplate":"https:\/\/www.tojo.rs\/?s={search_term_string}"},"query-input":"required name=search_term_string"}],"inLanguage":"en-US"},{"@type":"WebPage","@id":"https:\/\/www.tojo.rs\/en\/locations\/#webpage","url":"https:\/\/www.tojo.rs\/en\/locations\/","name":"Selling Locations | Tojo | Proizvodnja i prodaja okova | Se\u010denje plo\u010dastih materijala","isPartOf":{"@id":"https:\/\/www.tojo.rs\/#website"},"datePublished":"2016-10-06T15:03:24+00:00","dateModified":"2016-11-17T22:10:50+00:00","breadcrumb":{"@id":"https:\/\/www.tojo.rs\/en\/locations\/#breadcrumb"},"inLanguage":"en-US","potentialAction":[{"@type":"ReadAction","target":["https:\/\/www.tojo.rs\/en\/locations\/"]}]},{"@type":"BreadcrumbList","@id":"https:\/\/www.tojo.rs\/en\/locations\/#breadcrumb","itemListElement":[{"@type":"ListItem","position":1,"name":"Home","item":"https:\/\/www.tojo.rs\/en\/"},{"@type":"ListItem","position":2,"name":"Selling Locations"}]}]}},"_links":{"self":[{"href":"https:\/\/www.tojo.rs\/en\/wp-json\/wp\/v2\/pages\/459"}],"collection":[{"href":"https:\/\/www.tojo.rs\/en\/wp-json\/wp\/v2\/pages"}],"about":[{"href":"https:\/\/www.tojo.rs\/en\/wp-json\/wp\/v2\/types\/page"}],"author":[{"embeddable":true,"href":"https:\/\/www.tojo.rs\/en\/wp-json\/wp\/v2\/users\/1"}],"replies":[{"embeddable":true,"href":"https:\/\/www.tojo.rs\/en\/wp-json\/wp\/v2\/comments?post=459"}],"version-history":[{"count":47,"href":"https:\/\/www.tojo.rs\/en\/wp-json\/wp\/v2\/pages\/459\/revisions"}],"predecessor-version":[{"id":5668,"href":"https:\/\/www.tojo.rs\/en\/wp-json\/wp\/v2\/pages\/459\/revisions\/5668"}],"wp:attachment":[{"href":"https:\/\/www.tojo.rs\/en\/wp-json\/wp\/v2\/media?parent=459"}],"curies":[{"name":"wp","href":"https:\/\/api.w.org\/{rel}","templated":true}]}}